{"id":1009,"date":"2020-01-17T11:51:36","date_gmt":"2020-01-17T10:51:36","guid":{"rendered":"https:\/\/www.greenetiks.it\/per-lo-sport\/instandhaltung\/arcut2-0\/"},"modified":"2025-02-15T11:19:26","modified_gmt":"2025-02-15T10:19:26","slug":"arcut2","status":"publish","type":"page","link":"https:\/\/www.greenetiks.it\/de\/sandplatze\/arcut2\/","title":{"rendered":"Arcut2.0 Fr\u00e4se"},"content":{"rendered":"<div class=\"wpb-content-wrapper\"><p>[vc_row no_margin=&#8220;true&#8220; equal_height=&#8220;true&#8220; bg_type=&#8220;&#8220; dima_canvas_style=&#8220;&#8220; translate_x=&#8220;0&#8243; dima_z_index=&#8220;0&#8243; delay=&#8220;&#8220; delay_duration=&#8220;&#8220; delay_offset=&#8220;&#8220; full_width=&#8220;full_width&#8220; top_and_bottom_padding=&#8220;&#8220; left_and_right_padding=&#8220;&#8220; id=&#8220;general&#8220; class=&#8220;gtks-widget-div&#8220; style=&#8220;&#8220; border_color=&#8220;&#8220;][vc_column min_height=&#8220;&#8220; bg_type=&#8220;&#8220; dima_canvas_style=&#8220;&#8220; translate_x=&#8220;0&#8243; dima_z_index=&#8220;0&#8243; delay=&#8220;&#8220; delay_duration=&#8220;&#8220; delay_offset=&#8220;&#8220; top_and_bottom_padding=&#8220;&#8220; left_and_right_padding=&#8220;&#8220; width=&#8220;1\/2&#8243; id=&#8220;&#8220; class=&#8220;gtks-widget-image-div gtks-widget-image-div-left&#8220; style=&#8220;&#8220; border_color=&#8220;&#8220;]<div class=\"column-item overflow-hidden text-center\"><img decoding=\"async\" width=\"1080\" height=\"1080\"  class=\" dima-img gtks-img\" src=\"https:\/\/www.greenetiks.it\/wp-content\/uploads\/2024\/04\/arcut2-1.jpg\"   alt=\"Arcut2.0 Fr\u00e4se\"><\/div>[\/vc_column][vc_column min_height=&#8220;&#8220; content_position=&#8220;center&#8220; float=&#8220;center&#8220; bg_type=&#8220;&#8220; dima_canvas_style=&#8220;&#8220; translate_x=&#8220;0&#8243; dima_z_index=&#8220;0&#8243; delay=&#8220;&#8220; delay_duration=&#8220;&#8220; delay_offset=&#8220;&#8220; top_and_bottom_padding=&#8220;&#8220; left_and_right_padding=&#8220;&#8220; width=&#8220;1\/2&#8243; id=&#8220;&#8220; class=&#8220;gtks-widget-text-div gtks-widget-text-div-left gtks-about-us-general-text-div&#8220; style=&#8220;&#8220; border_color=&#8220;&#8220;]<h2  class=\"dima-custom-heading gtks-h2\" ><\/p>\n<div>\n<div>Der Fr\u00e4ser, der keine Hindernisse f\u00fcrchtet<\/div>\n<\/div>\n<p><\/h2><div class=\"gtks-p\">\n<div>\n<div>Arcut2.0 ist die Fr\u00e4se, die bei der Pflege von Tennissandpl\u00e4tzen einen Schritt nach vorn bedeutet. Sie ist das Ergebnis jahrelanger Forschung und Entwicklung in enger Zusammenarbeit mit FBC und stellt die ultimative L\u00f6sung f\u00fcr die schwierigsten Herausforderungen dar. Das innovative Widia-Schneidsystem ist so konzipiert, dass es selbst die schwierigsten Pl\u00e4tze m\u00fchelos durchbricht und die Platzpflege nicht nur effektiv, sondern auch \u00fcberraschend einfach macht. Entscheiden Sie sich f\u00fcr Arcut2.0 f\u00fcr eine Platzpflege, die alle Erwartungen \u00fcbertrifft und eine noch nie dagewesene Qualit\u00e4t und Benutzerfreundlichkeit garantiert.<\/div>\n<\/div>\n<\/div>\n<a   data-direction=\"down\" class=\" button gtks-buttonfill dima-btn-small\"  href=\"#info\"    >Informationen anfordern<\/a>[\/vc_column][\/vc_row][vc_row bg_type=&#8220;&#8220; dima_canvas_style=&#8220;&#8220; translate_x=&#8220;0&#8243; dima_z_index=&#8220;0&#8243; delay=&#8220;&#8220; delay_duration=&#8220;&#8220; delay_offset=&#8220;&#8220; id=&#8220;&#8220; class=&#8220;gtks-widget-separator&#8220; border_color=&#8220;&#8220;][vc_column min_height=&#8220;&#8220; bg_type=&#8220;&#8220; dima_canvas_style=&#8220;&#8220; translate_x=&#8220;0&#8243; dima_z_index=&#8220;0&#8243; delay=&#8220;&#8220; delay_duration=&#8220;&#8220; delay_offset=&#8220;&#8220; width=&#8220;1\/1&#8243;][vc_separator el_class=&#8220;gtks-widget-separator&#8220;][\/vc_column][\/vc_row][vc_row no_margin=&#8220;true&#8220; equal_height=&#8220;true&#8220; bg_type=&#8220;&#8220; dima_canvas_style=&#8220;&#8220; translate_x=&#8220;0&#8243; dima_z_index=&#8220;0&#8243; delay=&#8220;&#8220; delay_duration=&#8220;&#8220; delay_offset=&#8220;&#8220; full_width=&#8220;full_width&#8220; top_and_bottom_padding=&#8220;&#8220; left_and_right_padding=&#8220;&#8220; id=&#8220;hard-courts&#8220; class=&#8220;gtks-widget-div gtks-row-reverse&#8220; style=&#8220;&#8220; border_color=&#8220;&#8220;][vc_column min_height=&#8220;&#8220; content_position=&#8220;center&#8220; float=&#8220;center&#8220; bg_type=&#8220;&#8220; dima_canvas_style=&#8220;&#8220; translate_x=&#8220;0&#8243; dima_z_index=&#8220;0&#8243; delay=&#8220;&#8220; delay_duration=&#8220;&#8220; delay_offset=&#8220;&#8220; top_and_bottom_padding=&#8220;&#8220; left_and_right_padding=&#8220;&#8220; width=&#8220;1\/2&#8243; id=&#8220;&#8220; class=&#8220;gtks-widget-text-div gtks-widget-text-div-left&#8220; style=&#8220;&#8220; bg_color=&#8220;#eff2f1&#8243; border_color=&#8220;&#8220;]<h2  class=\"dima-custom-heading gtks-h2\" ><\/p>\n<div>\n<div>Geeignet f\u00fcr die h\u00e4rtesten Pl\u00e4tzen<\/div>\n<\/div>\n<p><\/h2><div>\n<div>Entdecken Sie die Kraft und Pr\u00e4zision unseres revolution\u00e4ren Schneidsystems, einer echten Innovation auf dem Gebiet des roten Sandes. Dank der ausschlie\u00dflichen Verwendung von ballistischem Stahl und hartmetallbest\u00fcckten Messern ist dieses System in der Lage, selbst die schwierigsten B\u00f6den zu bearbeiten und aufzubrechen. Die innovative Klingenform, die von Asphaltbrechern inspiriert ist, zerkleinert selbst den h\u00e4rtesten Sand und garantiert optimale Ergebnisse und ein makelloses Finish. Unser M\u00e4hsystem ist ideal f\u00fcr alle, die kompromisslose Effizienz anstreben, und stellt einen Quantensprung in der Instandhaltung dar, mit dem sich jede Herausforderung m\u00fchelos bew\u00e4ltigen l\u00e4sst.<\/div>\n<\/div>\n[\/vc_column][vc_column min_height=&#8220;&#8220; bg_type=&#8220;&#8220; dima_canvas_style=&#8220;&#8220; translate_x=&#8220;0&#8243; dima_z_index=&#8220;0&#8243; delay=&#8220;&#8220; delay_duration=&#8220;&#8220; delay_offset=&#8220;&#8220; top_and_bottom_padding=&#8220;&#8220; left_and_right_padding=&#8220;&#8220; width=&#8220;1\/2&#8243; id=&#8220;&#8220; class=&#8220;gtks-widget-image-div gtks-widget-image-div-right&#8220; style=&#8220;&#8220; border_color=&#8220;&#8220;]<div class=\"column-item overflow-hidden text-center\"><img decoding=\"async\" width=\"1080\" height=\"1080\"  class=\" dima-img gtks-img\" src=\"https:\/\/www.greenetiks.it\/wp-content\/uploads\/2024\/04\/hard-court.jpg\"   alt=\"Harter Sandplatz\"><\/div>[\/vc_column][\/vc_row][vc_row bg_type=&#8220;&#8220; dima_canvas_style=&#8220;&#8220; translate_x=&#8220;0&#8243; dima_z_index=&#8220;0&#8243; delay=&#8220;&#8220; delay_duration=&#8220;&#8220; delay_offset=&#8220;&#8220; id=&#8220;&#8220; class=&#8220;gtks-widget-separator&#8220; border_color=&#8220;&#8220;][vc_column min_height=&#8220;&#8220; bg_type=&#8220;&#8220; dima_canvas_style=&#8220;&#8220; translate_x=&#8220;0&#8243; dima_z_index=&#8220;0&#8243; delay=&#8220;&#8220; delay_duration=&#8220;&#8220; delay_offset=&#8220;&#8220; width=&#8220;1\/1&#8243;][vc_separator el_class=&#8220;gtks-widget-separator&#8220;][\/vc_column][\/vc_row][vc_row no_margin=&#8220;true&#8220; equal_height=&#8220;true&#8220; bg_type=&#8220;&#8220; dima_canvas_style=&#8220;&#8220; translate_x=&#8220;0&#8243; dima_z_index=&#8220;0&#8243; delay=&#8220;&#8220; delay_duration=&#8220;&#8220; delay_offset=&#8220;&#8220; full_width=&#8220;full_width&#8220; top_and_bottom_padding=&#8220;&#8220; left_and_right_padding=&#8220;&#8220; id=&#8220;robust&#8220; class=&#8220;gtks-widget-div&#8220; style=&#8220;&#8220; border_color=&#8220;&#8220;][vc_column min_height=&#8220;&#8220; bg_type=&#8220;&#8220; dima_canvas_style=&#8220;&#8220; translate_x=&#8220;0&#8243; dima_z_index=&#8220;0&#8243; delay=&#8220;&#8220; delay_duration=&#8220;&#8220; delay_offset=&#8220;&#8220; top_and_bottom_padding=&#8220;&#8220; left_and_right_padding=&#8220;&#8220; width=&#8220;1\/2&#8243; id=&#8220;&#8220; class=&#8220;gtks-widget-image-div gtks-widget-image-div-left&#8220; style=&#8220;&#8220; border_color=&#8220;&#8220;]<div class=\"column-item overflow-hidden text-center\"><img decoding=\"async\" width=\"1080\" height=\"1080\"  class=\" dima-img gtks-img\" src=\"https:\/\/www.greenetiks.it\/wp-content\/uploads\/2024\/04\/robust.jpg\"   alt=\"Stahlkabel\"><\/div>[\/vc_column][vc_column min_height=&#8220;&#8220; content_position=&#8220;center&#8220; float=&#8220;center&#8220; bg_type=&#8220;&#8220; dima_canvas_style=&#8220;&#8220; translate_x=&#8220;0&#8243; dima_z_index=&#8220;0&#8243; delay=&#8220;&#8220; delay_duration=&#8220;&#8220; delay_offset=&#8220;&#8220; top_and_bottom_padding=&#8220;&#8220; left_and_right_padding=&#8220;&#8220; width=&#8220;1\/2&#8243; id=&#8220;&#8220; class=&#8220;gtks-widget-text-div gtks-widget-text-div-left gtks-about-us-general-text-div&#8220; style=&#8220;&#8220; border_color=&#8220;&#8220;]<h2  class=\"dima-custom-heading gtks-h2\" ><\/p>\n<div>\n<div>Unglaublich robust<\/div>\n<\/div>\n<p><\/h2><div>\n<div>Nach jahrelanger Forschung und Entwicklung haben wir einen 5 mm dicken Stahlrahmen entwickelt, der selbst den anspruchsvollsten Belastungen und den h\u00e4rtesten Kursen standh\u00e4lt. Der auf au\u00dfergew\u00f6hnliche Festigkeit und Haltbarkeit ausgelegte Rahmen ist so konzipiert, dass er auch den h\u00e4rtesten Herausforderungen standh\u00e4lt. Er kombiniert St\u00e4rke und Technologie und garantiert ein hohes Leistungsniveau in jeder Situation.<\/div>\n<\/div>\n[\/vc_column][\/vc_row][vc_row bg_type=&#8220;&#8220; dima_canvas_style=&#8220;&#8220; translate_x=&#8220;0&#8243; dima_z_index=&#8220;0&#8243; delay=&#8220;&#8220; delay_duration=&#8220;&#8220; delay_offset=&#8220;&#8220; id=&#8220;&#8220; class=&#8220;gtks-widget-separator&#8220; border_color=&#8220;&#8220;][vc_column min_height=&#8220;&#8220; bg_type=&#8220;&#8220; dima_canvas_style=&#8220;&#8220; translate_x=&#8220;0&#8243; dima_z_index=&#8220;0&#8243; delay=&#8220;&#8220; delay_duration=&#8220;&#8220; delay_offset=&#8220;&#8220; width=&#8220;1\/1&#8243;][vc_separator el_class=&#8220;gtks-widget-separator&#8220;][\/vc_column][\/vc_row][vc_row no_margin=&#8220;true&#8220; equal_height=&#8220;true&#8220; bg_type=&#8220;&#8220; dima_canvas_style=&#8220;&#8220; translate_x=&#8220;0&#8243; dima_z_index=&#8220;0&#8243; delay=&#8220;&#8220; delay_duration=&#8220;&#8220; delay_offset=&#8220;&#8220; full_width=&#8220;full_width&#8220; top_and_bottom_padding=&#8220;&#8220; left_and_right_padding=&#8220;&#8220; id=&#8220;power&#8220; class=&#8220;gtks-widget-div gtks-row-reverse&#8220; style=&#8220;&#8220; border_color=&#8220;&#8220;][vc_column min_height=&#8220;&#8220; content_position=&#8220;center&#8220; float=&#8220;center&#8220; bg_type=&#8220;&#8220; dima_canvas_style=&#8220;&#8220; translate_x=&#8220;0&#8243; dima_z_index=&#8220;0&#8243; delay=&#8220;&#8220; delay_duration=&#8220;&#8220; delay_offset=&#8220;&#8220; top_and_bottom_padding=&#8220;&#8220; left_and_right_padding=&#8220;&#8220; width=&#8220;1\/2&#8243; id=&#8220;&#8220; class=&#8220;gtks-widget-text-div gtks-widget-text-div-left&#8220; style=&#8220;&#8220; bg_color=&#8220;#eff2f1&#8243; border_color=&#8220;&#8220;]<h2  class=\"dima-custom-heading gtks-h2\" ><\/p>\n<div>\n<div>Leistung ohne Kompromisse<\/div>\n<\/div>\n<p><\/h2><div>\n<div>Der 4-kW-Motor liefert die Leistung, die Sie brauchen, um bis zum Maximum zu arbeiten, und definiert die Grenzen des Machbaren neu. Er ist die bevorzugte Wahl von Profis, die ohne Kompromisse das Beste verlangen. Er wurde f\u00fcr die h\u00e4rtesten Aufgaben entwickelt und erm\u00f6glicht es Ihnen, Ihr Bestes zu geben, ohne sich Gedanken \u00fcber Staub oder Erm\u00fcdung zu machen.<\/div>\n<\/div>\n[\/vc_column][vc_column min_height=&#8220;&#8220; bg_type=&#8220;&#8220; dima_canvas_style=&#8220;&#8220; translate_x=&#8220;0&#8243; dima_z_index=&#8220;0&#8243; delay=&#8220;&#8220; delay_duration=&#8220;&#8220; delay_offset=&#8220;&#8220; top_and_bottom_padding=&#8220;&#8220; left_and_right_padding=&#8220;&#8220; width=&#8220;1\/2&#8243; id=&#8220;&#8220; class=&#8220;gtks-widget-image-div gtks-widget-image-div-right&#8220; style=&#8220;&#8220; border_color=&#8220;&#8220;]<div class=\"column-item overflow-hidden text-center\"><img decoding=\"async\" width=\"1080\" height=\"1080\"  class=\" dima-img gtks-img\" src=\"https:\/\/www.greenetiks.it\/wp-content\/uploads\/2024\/04\/power.jpg\"   alt=\"Mann hebt Gewicht\"><\/div>[\/vc_column][\/vc_row][vc_row bg_type=&#8220;&#8220; dima_canvas_style=&#8220;&#8220; translate_x=&#8220;0&#8243; dima_z_index=&#8220;0&#8243; delay=&#8220;&#8220; delay_duration=&#8220;&#8220; delay_offset=&#8220;&#8220; id=&#8220;&#8220; class=&#8220;gtks-widget-separator&#8220; border_color=&#8220;&#8220;][vc_column min_height=&#8220;&#8220; bg_type=&#8220;&#8220; dima_canvas_style=&#8220;&#8220; translate_x=&#8220;0&#8243; dima_z_index=&#8220;0&#8243; delay=&#8220;&#8220; delay_duration=&#8220;&#8220; delay_offset=&#8220;&#8220; width=&#8220;1\/1&#8243;][vc_separator el_class=&#8220;gtks-widget-separator&#8220;][\/vc_column][\/vc_row][vc_row no_margin=&#8220;true&#8220; equal_height=&#8220;true&#8220; bg_type=&#8220;&#8220; dima_canvas_style=&#8220;&#8220; translate_x=&#8220;0&#8243; dima_z_index=&#8220;0&#8243; delay=&#8220;&#8220; delay_duration=&#8220;&#8220; delay_offset=&#8220;&#8220; full_width=&#8220;full_width&#8220; top_and_bottom_padding=&#8220;&#8220; left_and_right_padding=&#8220;&#8220; id=&#8220;versatile&#8220; class=&#8220;gtks-widget-div&#8220; style=&#8220;&#8220; border_color=&#8220;&#8220;][vc_column min_height=&#8220;&#8220; bg_type=&#8220;&#8220; dima_canvas_style=&#8220;&#8220; translate_x=&#8220;0&#8243; dima_z_index=&#8220;0&#8243; delay=&#8220;&#8220; delay_duration=&#8220;&#8220; delay_offset=&#8220;&#8220; top_and_bottom_padding=&#8220;&#8220; left_and_right_padding=&#8220;&#8220; width=&#8220;1\/2&#8243; id=&#8220;&#8220; class=&#8220;gtks-widget-image-div gtks-widget-image-div-left&#8220; style=&#8220;&#8220; border_color=&#8220;&#8220;]<div class=\"column-item overflow-hidden text-center\"><img decoding=\"async\" width=\"1080\" height=\"1080\"  class=\" dima-img gtks-img\" src=\"https:\/\/www.greenetiks.it\/wp-content\/uploads\/2024\/04\/versatile.jpg\"   alt=\"Schweizer Armeemesser\"><\/div>[\/vc_column][vc_column min_height=&#8220;&#8220; content_position=&#8220;center&#8220; float=&#8220;center&#8220; bg_type=&#8220;&#8220; dima_canvas_style=&#8220;&#8220; translate_x=&#8220;0&#8243; dima_z_index=&#8220;0&#8243; delay=&#8220;&#8220; delay_duration=&#8220;&#8220; delay_offset=&#8220;&#8220; top_and_bottom_padding=&#8220;&#8220; left_and_right_padding=&#8220;&#8220; width=&#8220;1\/2&#8243; id=&#8220;&#8220; class=&#8220;gtks-widget-text-div gtks-widget-text-div-left gtks-about-us-general-text-div&#8220; style=&#8220;&#8220; border_color=&#8220;&#8220;]<h2  class=\"dima-custom-heading gtks-h2\" ><\/p>\n<div>\n<div>Handwerker<\/div>\n<\/div>\n<p><\/h2><div>\n<div>Dank der einstellbaren Schnitttiefe von 5 bis 25 mm ist Acrut2.0 vielseitig einsetzbar und f\u00fcr jeden Bedarf geeignet. Sie k\u00f6nnen damit die Platzoberfl\u00e4che leicht aufbrechen und eine optimale Drainage und eine perfekte Spielfl\u00e4che gew\u00e4hrleisten. Ganz gleich, ob Sie den Platz vor einem wichtigen Turnier erneuern oder ihn Tag f\u00fcr Tag in perfektem Zustand halten m\u00fcssen, Acrut2.0 bietet eine hervorragende Leistung.<\/div>\n<\/div>\n[\/vc_column][\/vc_row][vc_row bg_type=&#8220;&#8220; dima_canvas_style=&#8220;&#8220; translate_x=&#8220;0&#8243; dima_z_index=&#8220;0&#8243; delay=&#8220;&#8220; delay_duration=&#8220;&#8220; delay_offset=&#8220;&#8220; id=&#8220;&#8220; class=&#8220;gtks-widget-separator&#8220; border_color=&#8220;&#8220;][vc_column min_height=&#8220;&#8220; bg_type=&#8220;&#8220; dima_canvas_style=&#8220;&#8220; translate_x=&#8220;0&#8243; dima_z_index=&#8220;0&#8243; delay=&#8220;&#8220; delay_duration=&#8220;&#8220; delay_offset=&#8220;&#8220; width=&#8220;1\/1&#8243;][vc_separator el_class=&#8220;gtks-widget-separator&#8220;][\/vc_column][\/vc_row][vc_row no_margin=&#8220;true&#8220; equal_height=&#8220;true&#8220; bg_type=&#8220;&#8220; dima_canvas_style=&#8220;&#8220; translate_x=&#8220;0&#8243; dima_z_index=&#8220;0&#8243; delay=&#8220;&#8220; delay_duration=&#8220;&#8220; delay_offset=&#8220;&#8220; full_width=&#8220;full_width&#8220; top_and_bottom_padding=&#8220;&#8220; left_and_right_padding=&#8220;&#8220; id=&#8220;specs&#8220; class=&#8220;gtks-widget-div gtks-row&#8220; style=&#8220;&#8220; border_color=&#8220;&#8220;][vc_column min_height=&#8220;&#8220; content_position=&#8220;center&#8220; float=&#8220;center&#8220; bg_type=&#8220;&#8220; dima_canvas_style=&#8220;&#8220; translate_x=&#8220;0&#8243; dima_z_index=&#8220;0&#8243; delay=&#8220;&#8220; delay_duration=&#8220;&#8220; delay_offset=&#8220;&#8220; top_and_bottom_padding=&#8220;&#8220; left_and_right_padding=&#8220;&#8220; width=&#8220;1\/2&#8243; id=&#8220;&#8220; class=&#8220;gtks-widget-image-div gtks-widget-image-div-left&#8220; style=&#8220;&#8220; bg_color=&#8220;#eff2f1&#8243; border_color=&#8220;&#8220; css=&#8220;.vc_custom_1714212146133{background-color: #ffffff !important;}&#8220;]<div class=\"column-item overflow-hidden text-center\"><img decoding=\"async\" width=\"1080\" height=\"1080\"  class=\" dima-img gtks-img\" src=\"https:\/\/www.greenetiks.it\/wp-content\/uploads\/2024\/04\/arcut2-1.jpg\"   alt=\"Arcut2.0 Fr\u00e4se\"><\/div>[\/vc_column][vc_column min_height=&#8220;&#8220; bg_type=&#8220;&#8220; dima_canvas_style=&#8220;&#8220; translate_x=&#8220;0&#8243; dima_z_index=&#8220;0&#8243; delay=&#8220;&#8220; delay_duration=&#8220;&#8220; delay_offset=&#8220;&#8220; top_and_bottom_padding=&#8220;&#8220; left_and_right_padding=&#8220;&#8220; width=&#8220;1\/2&#8243; id=&#8220;&#8220; class=&#8220;gtks-widget-text-div gtks-widget-text-div-right&#8220; style=&#8220;&#8220; border_color=&#8220;&#8220;]<h2  class=\"dima-custom-heading gtks-h2\" ><\/p>\n<div>\n<div>Einzelheiten<\/div>\n<\/div>\n<p><\/h2><ul  class=\"list-style gtks-specs-text-div check\" ><li   ><strong>Gewicht:<\/strong> 120 Kg<\/li><li   ><strong>Leistung:<\/strong> 4 kW<\/li><li   ><strong>Minimale Schnitttiefe: <\/strong>0.5 cm<\/li><li   ><strong>Maximale Schnitttiefe:\u00a0<\/strong>2.5 cm<\/li><\/ul>[\/vc_column][\/vc_row][vc_row bg_type=&#8220;&#8220; dima_canvas_style=&#8220;&#8220; translate_x=&#8220;0&#8243; dima_z_index=&#8220;0&#8243; delay=&#8220;&#8220; delay_duration=&#8220;&#8220; delay_offset=&#8220;&#8220; id=&#8220;&#8220; class=&#8220;gtks-widget-separator&#8220; border_color=&#8220;&#8220;][vc_column min_height=&#8220;&#8220; bg_type=&#8220;&#8220; dima_canvas_style=&#8220;&#8220; translate_x=&#8220;0&#8243; dima_z_index=&#8220;0&#8243; delay=&#8220;&#8220; delay_duration=&#8220;&#8220; delay_offset=&#8220;&#8220; width=&#8220;1\/1&#8243;][vc_separator el_class=&#8220;gtks-widget-separator&#8220;][\/vc_column][\/vc_row][vc_row bg_type=&#8220;&#8220; dima_canvas_style=&#8220;&#8220; translate_x=&#8220;0&#8243; dima_z_index=&#8220;0&#8243; delay=&#8220;&#8220; delay_duration=&#8220;&#8220; delay_offset=&#8220;&#8220; top_and_bottom_padding=&#8220;&#8220; left_and_right_padding=&#8220;&#8220; id=&#8220;info&#8220; class=&#8220;gtks-widget-div gtks-info-div&#8220; border_color=&#8220;&#8220;][vc_column min_height=&#8220;&#8220; bg_type=&#8220;&#8220; dima_canvas_style=&#8220;&#8220; translate_x=&#8220;0&#8243; dima_z_index=&#8220;0&#8243; delay=&#8220;&#8220; delay_duration=&#8220;&#8220; delay_offset=&#8220;&#8220; top_and_bottom_padding=&#8220;&#8220; left_and_right_padding=&#8220;&#8220; width=&#8220;1\/2&#8243;][vc_custom_heading text=&#8220;Fordern Sie weitere Informationen an&#8220; use_theme_fonts=&#8220;yes&#8220; css=&#8220;&#8220;]\n<div class=\"wpcf7 no-js\" id=\"wpcf7-f2209-o1\" lang=\"de-DE\" dir=\"ltr\" data-wpcf7-id=\"2209\">\n<div class=\"screen-reader-response\"><p role=\"status\" aria-live=\"polite\" aria-atomic=\"true\"><\/p> <ul><\/ul><\/div>\n<form action=\"\/de\/wp-json\/wp\/v2\/pages\/1009#wpcf7-f2209-o1\" method=\"post\" class=\"wpcf7-form init wpcf7-acceptance-as-validation\" aria-label=\"Kontaktformular\" novalidate=\"novalidate\" data-status=\"init\">\n<fieldset class=\"hidden-fields-container\"><input type=\"hidden\" name=\"_wpcf7\" value=\"2209\" \/><input type=\"hidden\" name=\"_wpcf7_version\" value=\"6.1.5\" \/><input type=\"hidden\" name=\"_wpcf7_locale\" value=\"de_DE\" \/><input type=\"hidden\" name=\"_wpcf7_unit_tag\" value=\"wpcf7-f2209-o1\" \/><input type=\"hidden\" name=\"_wpcf7_container_post\" value=\"0\" \/><input type=\"hidden\" name=\"_wpcf7_posted_data_hash\" value=\"\" \/><input type=\"hidden\" name=\"_wpcf7_recaptcha_response\" value=\"\" \/>\n<\/fieldset>\n<div class=\"ok-row\">\n\t<div class=\"ok-md-12 ok-xsd-12\">\n\t\t<p><label class=\"gtks-form-row\"><br \/>\nName\/Nachname (*)<br \/>\n<span class=\"wpcf7-form-control-wrap\" data-name=\"your-name\"><input size=\"40\" maxlength=\"400\" class=\"wpcf7-form-control wpcf7-text wpcf7-validates-as-required\" aria-required=\"true\" aria-invalid=\"false\" value=\"\" type=\"text\" name=\"your-name\" \/><\/span><br \/>\n<\/label>\n\t\t<\/p>\n\t<\/div>\n\t<div class=\"ok-md-12 ok-xsd-12\">\n\t\t<p><label class=\"gtks-form-row\"><br \/>\nPLZ<br \/>\n<span class=\"wpcf7-form-control-wrap\" data-name=\"your-cap\"><input size=\"40\" maxlength=\"400\" class=\"wpcf7-form-control wpcf7-text\" aria-invalid=\"false\" value=\"\" type=\"text\" name=\"your-cap\" \/><\/span><br \/>\n<\/label>\n\t\t<\/p>\n\t<\/div>\n\t<div class=\"ok-md-12 ok-xsd-12\">\n\t\t<p><label class=\"gtks-form-row\"><br \/>\nE-Mail (*)<br \/>\n<span class=\"wpcf7-form-control-wrap\" data-name=\"your-email\"><input size=\"40\" maxlength=\"400\" class=\"wpcf7-form-control wpcf7-email wpcf7-validates-as-required wpcf7-text wpcf7-validates-as-email\" aria-required=\"true\" aria-invalid=\"false\" value=\"\" type=\"email\" name=\"your-email\" \/><\/span><br \/>\n<\/label>\n\t\t<\/p>\n\t<\/div>\n\t<div class=\"ok-md-12 ok-xsd-12\">\n\t\t<p><label class=\"gtks-form-row\"><br \/>\nTelefon<br \/>\n<span class=\"wpcf7-form-control-wrap\" data-name=\"your-phone\"><input size=\"40\" maxlength=\"400\" class=\"wpcf7-form-control wpcf7-text\" aria-invalid=\"false\" value=\"\" type=\"text\" name=\"your-phone\" \/><\/span><br \/>\n<\/label>\n\t\t<\/p>\n\t<\/div>\n<\/div>\n\n<!-- Get page URL -->\n<div style=\"display: none; height:0px\">\n<\/div>\n<p><label class=\"gtks-form-row\"><br \/>\nNachricht (*)<br \/>\n<span class=\"wpcf7-form-control-wrap\" data-name=\"your-message\"><textarea cols=\"40\" rows=\"10\" maxlength=\"2000\" class=\"wpcf7-form-control wpcf7-textarea wpcf7-validates-as-required\" aria-required=\"true\" aria-invalid=\"false\" name=\"your-message\"><\/textarea><\/span><br \/>\n<\/label>\n<\/p>\n<div class=\"privacy-wrapper\">\n\t<p><span class=\"wpcf7-form-control-wrap\" data-name=\"privacy\"><span class=\"wpcf7-form-control wpcf7-acceptance\"><span class=\"wpcf7-list-item\"><label><input type=\"checkbox\" name=\"privacy\" value=\"1\" aria-invalid=\"false\" \/><span class=\"wpcf7-list-item-label\">Nach Kenntnisnahme der Datenschutzerkl\u00e4rung im Sinne der europ\u00e4ischen Verordnung Nr. 2016\/679 und der geltenden Datenschutzvorschrift, stimme ich der Verarbeitung der pers\u00f6nlichen Daten zu.<\/span><\/label><\/span><\/span><\/span><label id=\"privacy_label\"><a class=\"link_privacy\" target=\"_blank\" href=\"\/de\/privacy-policy\">Bitte lesen Sie die Datenschutzerkl\u00e4rung durch<\/a><\/label>\n\t<\/p>\n<\/div>\n<div class=\"clear\">\n<\/div>\n<p><span id=\"wpcf7-69e1a3c8b9b55-wrapper\" class=\"wpcf7-form-control-wrap telephone-wrap\" style=\"display:none !important; visibility:hidden !important;\"><label for=\"wpcf7-69e1a3c8b9b55-field\" class=\"hp-message\">Bitte lasse dieses Feld leer.<\/label><input id=\"wpcf7-69e1a3c8b9b55-field\"  class=\"wpcf7-form-control wpcf7-text\" type=\"text\" name=\"telephone\" value=\"\" size=\"40\" tabindex=\"-1\" autocomplete=\"new-password\" \/><\/span>\n<\/p>\n<p><input class=\"wpcf7-form-control wpcf7-submit has-spinner\" type=\"submit\" value=\"SENDEN\" \/>\n<\/p><div class=\"wpcf7-response-output\" aria-hidden=\"true\"><\/div>\n<\/form>\n<\/div>\n[\/vc_column][vc_column min_height=&#8220;&#8220; bg_type=&#8220;&#8220; dima_canvas_style=&#8220;&#8220; translate_x=&#8220;0&#8243; dima_z_index=&#8220;0&#8243; delay=&#8220;&#8220; delay_duration=&#8220;&#8220; delay_offset=&#8220;&#8220; top_and_bottom_padding=&#8220;&#8220; left_and_right_padding=&#8220;&#8220; width=&#8220;1\/2&#8243;]<div  class=\"container\" ><div class=\"ok-row\"><div  class=\"no-xsd-offset ok-md-11 ok-xsd-12 ok-offset-md-1\"  ><p>F\u00fcr Informationen und Kostenvoranschl\u00e4ge:<\/p>\n<p>E-mail:\u00a0info@greenetiks.it<br \/>\nTelefon: (+39) 348 2618921<\/p>\n<\/div><\/div><\/div>[\/vc_column][\/vc_row]<\/p>\n<\/div>","protected":false},"excerpt":{"rendered":"<p>[vc_row no_margin=&#8220;true&#8220; equal_height=&#8220;true&#8220; bg_type=&#8220;&#8220; dima_canvas_style=&#8220;&#8220; translate_x=&#8220;0&#8243; dima_z_index=&#8220;0&#8243; delay=&#8220;&#8220; delay_duration=&#8220;&#8220; delay_offset=&#8220;&#8220; full_width=&#8220;full_width&#8220; top_and_bottom_padding=&#8220;&#8220; left_and_right_padding=&#8220;&#8220; id=&#8220;general&#8220; class=&#8220;gtks-widget-div&#8220; style=&#8220;&#8220; border_color=&#8220;&#8220;][vc_column min_height=&#8220;&#8220; bg_type=&#8220;&#8220; dima_canvas_style=&#8220;&#8220; translate_x=&#8220;0&#8243; dima_z_index=&#8220;0&#8243; delay=&#8220;&#8220; delay_duration=&#8220;&#8220; delay_offset=&#8220;&#8220; top_and_bottom_padding=&#8220;&#8220; left_and_right_padding=&#8220;&#8220; width=&#8220;1\/2&#8243; id=&#8220;&#8220; class=&#8220;gtks-widget-image-div gtks-widget-image-div-left&#8220; style=&#8220;&#8220; border_color=&#8220;&#8220;][\/vc_column][vc_column min_height=&#8220;&#8220; content_position=&#8220;center&#8220; float=&#8220;center&#8220; bg_type=&#8220;&#8220; dima_canvas_style=&#8220;&#8220; translate_x=&#8220;0&#8243; dima_z_index=&#8220;0&#8243; delay=&#8220;&#8220; delay_duration=&#8220;&#8220; delay_offset=&#8220;&#8220; top_and_bottom_padding=&#8220;&#8220; left_and_right_padding=&#8220;&#8220; width=&#8220;1\/2&#8243; id=&#8220;&#8220; class=&#8220;gtks-widget-text-div gtks-widget-text-div-left gtks-about-us-general-text-div&#8220; style=&#8220;&#8220; border_color=&#8220;&#8220;][\/vc_column][\/vc_row][vc_row bg_type=&#8220;&#8220; dima_canvas_style=&#8220;&#8220; translate_x=&#8220;0&#8243; [&hellip;]<\/p>\n","protected":false},"author":3,"featured_media":0,"parent":2502,"menu_order":0,"comment_status":"closed","ping_status":"closed","template":"template-no-sidebar.php","meta":{"_acf_changed":false,"footnotes":""},"class_list":["post-1009","page","type-page","status-publish","hentry"],"acf":[],"_links":{"self":[{"href":"https:\/\/www.greenetiks.it\/de\/wp-json\/wp\/v2\/pages\/1009","targetHints":{"allow":["GET"]}}],"collection":[{"href":"https:\/\/www.greenetiks.it\/de\/wp-json\/wp\/v2\/pages"}],"about":[{"href":"https:\/\/www.greenetiks.it\/de\/wp-json\/wp\/v2\/types\/page"}],"author":[{"embeddable":true,"href":"https:\/\/www.greenetiks.it\/de\/wp-json\/wp\/v2\/users\/3"}],"replies":[{"embeddable":true,"href":"https:\/\/www.greenetiks.it\/de\/wp-json\/wp\/v2\/comments?post=1009"}],"version-history":[{"count":0,"href":"https:\/\/www.greenetiks.it\/de\/wp-json\/wp\/v2\/pages\/1009\/revisions"}],"up":[{"embeddable":true,"href":"https:\/\/www.greenetiks.it\/de\/wp-json\/wp\/v2\/pages\/2502"}],"wp:attachment":[{"href":"https:\/\/www.greenetiks.it\/de\/wp-json\/wp\/v2\/media?parent=1009"}],"curies":[{"name":"wp","href":"https:\/\/api.w.org\/{rel}","templated":true}]}}