{"id":2157,"date":"2024-04-26T13:17:41","date_gmt":"2024-04-26T11:17:41","guid":{"rendered":"http:\/\/localhost\/ueber-uns\/"},"modified":"2025-02-15T11:23:15","modified_gmt":"2025-02-15T10:23:15","slug":"uber-uns","status":"publish","type":"page","link":"https:\/\/www.greenetiks.it\/de\/uber-uns\/","title":{"rendered":"\u00dcber uns"},"content":{"rendered":"<div class=\"wpb-content-wrapper\"><p>[vc_row full_w_bg=&#8220;true&#8220; equal_height=&#8220;true&#8220; bg_type=&#8220;bg_image&#8220; dima_canvas_style=&#8220;&#8220; translate_x=&#8220;0&#8243; dima_z_index=&#8220;0&#8243; delay=&#8220;&#8220; delay_duration=&#8220;&#8220; delay_offset=&#8220;&#8220; full_width=&#8220;full_width&#8220; top_and_bottom_padding=&#8220;&#8220; left_and_right_padding=&#8220;&#8220; id=&#8220;about-us-general&#8220; class=&#8220;gtks-about-us-general-div&#8220; style=&#8220;&#8220; border_color=&#8220;&#8220; di_bg_image=&#8220;2000&#8243;][vc_column min_height=&#8220;&#8220; content_position=&#8220;center&#8220; float=&#8220;center&#8220; bg_type=&#8220;&#8220; dima_canvas_style=&#8220;&#8220; translate_x=&#8220;0&#8243; dima_z_index=&#8220;0&#8243; delay=&#8220;&#8220; delay_duration=&#8220;&#8220; delay_offset=&#8220;&#8220; top_and_bottom_padding=&#8220;&#8220; left_and_right_padding=&#8220;&#8220; width=&#8220;1\/2&#8243; id=&#8220;&#8220; class=&#8220;gtks-widget-text-div gtks-widget-text-div-left gtks-about-us-general-text-div&#8220; style=&#8220;color: white;&#8220; border_color=&#8220;&#8220;]<h2  class=\"dima-custom-heading gtks-h2 text-center\" style=\"color: white;\"><\/p>\n<div>\n<div>Die Firma<\/div>\n<\/div>\n<p><\/h2><div>\n<div>\n<div>\n<div>Gegr\u00fcndet im Jahr 2016, sammeln wir mehr als 15 Jahre Erfahrung und Aktivit\u00e4t in der Sportbranche. Das Unternehmen entstand aus der Idee, Energieeinsparung und Innovation in die Welt des Sports zu bringen, vom Tennis bis zu anderen Sportarten.<\/div>\n<\/div>\n<\/div>\n<div>\n<div>\n<div>\n<div>\n<div>\n<div>\n<div>Eines der Grundprinzipien dieses Unternehmens ist die Innovation: Unsere Forschungs- und Entwicklungsabteilung testet st\u00e4ndig neue Methoden, neue Materialien und neue Ausr\u00fcstungen, nicht nur, um in einer sich schnell ver\u00e4ndernden technologischen Welt auf dem neuesten Stand zu bleiben, sondern auch, um neue Produkte und neues Know-how im Dienste unserer Kunden zu entwickeln.<\/div>\n<div>\n<div>\n<div>Wir stehen Ihnen f\u00fcr ma\u00dfgeschneiderte Dienstleistungen, Systeme und Projekte nach Ihren Anforderungen oder f\u00fcr die Anpassung unserer Produkte oder Dienstleistungen an Ihre Bed\u00fcrfnisse zur Verf\u00fcgung.<\/div>\n<\/div>\n<\/div>\n<\/div>\n<\/div>\n<\/div>\n<\/div>\n<\/div>\n<\/div>\n<\/div>\n[\/vc_column][vc_column min_height=&#8220;&#8220; bg_type=&#8220;&#8220; dima_canvas_style=&#8220;&#8220; translate_x=&#8220;0&#8243; dima_z_index=&#8220;0&#8243; delay=&#8220;&#8220; delay_duration=&#8220;&#8220; delay_offset=&#8220;&#8220; width=&#8220;1\/2&#8243;][\/vc_column][\/vc_row][vc_row equal_height=&#8220;true&#8220; bg_type=&#8220;&#8220; dima_canvas_style=&#8220;&#8220; translate_x=&#8220;0&#8243; dima_z_index=&#8220;0&#8243; delay=&#8220;&#8220; delay_duration=&#8220;&#8220; delay_offset=&#8220;&#8220; full_width=&#8220;full_width&#8220; top_and_bottom_padding=&#8220;&#8220; left_and_right_padding=&#8220;&#8220; id=&#8220;about-us-history&#8220; class=&#8220;gtks-widget-div gtks-row&#8220; style=&#8220;&#8220; border_color=&#8220;&#8220; css=&#8220;.vc_custom_1714111750019{padding-top: 30px !important;padding-bottom: 30px !important;}&#8220;][vc_column min_height=&#8220;&#8220; bg_type=&#8220;&#8220; dima_canvas_style=&#8220;&#8220; translate_x=&#8220;0&#8243; dima_z_index=&#8220;0&#8243; delay=&#8220;&#8220; delay_duration=&#8220;&#8220; delay_offset=&#8220;&#8220; top_and_bottom_padding=&#8220;&#8220; left_and_right_padding=&#8220;&#8220; width=&#8220;1\/2&#8243; id=&#8220;&#8220; class=&#8220;gtks-widget-image-div gtks-widget-image-div-left&#8220; style=&#8220;&#8220; border_color=&#8220;&#8220;]<div class=\"column-item overflow-hidden text-center\"><img decoding=\"async\" width=\"1080\" height=\"1080\"  class=\" dima-img gtks-img\" src=\"https:\/\/www.greenetiks.it\/wp-content\/uploads\/2024\/04\/alt-roberto-2.jpg\"   alt=\"Alt Roberto - Einziger Verwalter\"><\/div>[\/vc_column][vc_column min_height=&#8220;&#8220; content_position=&#8220;center&#8220; float=&#8220;center&#8220; bg_type=&#8220;&#8220; dima_canvas_style=&#8220;&#8220; translate_x=&#8220;0&#8243; dima_z_index=&#8220;0&#8243; delay=&#8220;&#8220; delay_duration=&#8220;&#8220; delay_offset=&#8220;&#8220; top_and_bottom_padding=&#8220;&#8220; left_and_right_padding=&#8220;&#8220; width=&#8220;1\/2&#8243; id=&#8220;&#8220; class=&#8220;gtks-widget-text-div gtks-widget-text-div-right&#8220; style=&#8220;&#8220; border_color=&#8220;&#8220;]<h2  class=\"dima-custom-heading gtks-h2\" ><\/p>\n<div>\n<div>Unsere Geschichte<\/div>\n<\/div>\n<p><\/h2><div>\n<div>Wir sind ein Unternehmen, das im Jahr 2016 aus dem Zusammenschluss mehrerer Berufe, von Mechanik bis Elektronik, mit \u00fcber 15 Jahren Erfahrung in diesem Bereich gegr\u00fcndet wurde.<\/div>\n<div>\n<div>\n<div>Unser Fokus liegt haupts\u00e4chlich auf dem Sportsektor, von Tennis \u00fcber Fu\u00dfball bis hin zu anderen Sportarten.<\/div>\n<\/div>\n<\/div>\n<\/div>\n[\/vc_column][\/vc_row][vc_row no_margin=&#8220;true&#8220; equal_height=&#8220;true&#8220; bg_type=&#8220;&#8220; dima_canvas_style=&#8220;&#8220; translate_x=&#8220;0&#8243; dima_z_index=&#8220;0&#8243; delay=&#8220;&#8220; delay_duration=&#8220;&#8220; delay_offset=&#8220;&#8220; full_width=&#8220;full_width&#8220; top_and_bottom_padding=&#8220;&#8220; left_and_right_padding=&#8220;&#8220; id=&#8220;about-us-mission&#8220; class=&#8220;gtks-widget-div gtks-row-reverse&#8220; style=&#8220;&#8220; border_color=&#8220;&#8220;][vc_column min_height=&#8220;&#8220; content_position=&#8220;center&#8220; float=&#8220;center&#8220; bg_type=&#8220;&#8220; dima_canvas_style=&#8220;&#8220; translate_x=&#8220;0&#8243; dima_z_index=&#8220;0&#8243; delay=&#8220;&#8220; delay_duration=&#8220;&#8220; delay_offset=&#8220;&#8220; top_and_bottom_padding=&#8220;&#8220; left_and_right_padding=&#8220;&#8220; width=&#8220;1\/2&#8243; id=&#8220;&#8220; class=&#8220;gtks-widget-text-div gtks-widget-text-div-left&#8220; style=&#8220;&#8220; bg_color=&#8220;#eff2f1&#8243; css=&#8220;.vc_custom_1714071610264{background-color: #fffcfc !important;}&#8220; border_color=&#8220;&#8220;]<h2  class=\"dima-custom-heading gtks-h2\" ><\/p>\n<div>\n<div>Unsere Mission<\/div>\n<\/div>\n<p><\/h2><div>\n<div>Integrieren <strong>Energieeinsparung<\/strong> e <strong>technologische Innovation<\/strong> f\u00fcr die Welt der <b>Sport<\/b>. All dies unter Ber\u00fccksichtigung unserer Werte und auf der Suche nach der besten L\u00f6sung f\u00fcr den Kunden.<\/div>\n<\/div>\n[\/vc_column][vc_column min_height=&#8220;&#8220; bg_type=&#8220;&#8220; dima_canvas_style=&#8220;&#8220; translate_x=&#8220;0&#8243; dima_z_index=&#8220;0&#8243; delay=&#8220;&#8220; delay_duration=&#8220;&#8220; delay_offset=&#8220;&#8220; top_and_bottom_padding=&#8220;&#8220; left_and_right_padding=&#8220;&#8220; width=&#8220;1\/2&#8243; id=&#8220;&#8220; class=&#8220;gtks-widget-image-div gtks-widget-image-div-right&#8220; style=&#8220;&#8220; border_color=&#8220;&#8220;]<div class=\"column-item overflow-hidden text-center\"><img decoding=\"async\" width=\"1080\" height=\"1080\"  class=\" dima-img gtks-img\" src=\"https:\/\/www.greenetiks.it\/wp-content\/uploads\/2024\/04\/mission.jpg\"   alt=\"Mann zeigt mit Pfeil auf Ziel\"><\/div>[\/vc_column][\/vc_row][vc_row no_margin=&#8220;true&#8220; equal_height=&#8220;true&#8220; bg_type=&#8220;&#8220; dima_canvas_style=&#8220;&#8220; translate_x=&#8220;0&#8243; dima_z_index=&#8220;0&#8243; delay=&#8220;&#8220; delay_duration=&#8220;&#8220; delay_offset=&#8220;&#8220; full_width=&#8220;full_width&#8220; top_and_bottom_padding=&#8220;&#8220; left_and_right_padding=&#8220;&#8220; id=&#8220;about-us-vision&#8220; class=&#8220;gtks-widget-div&#8220; style=&#8220;&#8220; border_color=&#8220;&#8220;][vc_column min_height=&#8220;&#8220; bg_type=&#8220;&#8220; dima_canvas_style=&#8220;&#8220; translate_x=&#8220;0&#8243; dima_z_index=&#8220;0&#8243; delay=&#8220;&#8220; delay_duration=&#8220;&#8220; delay_offset=&#8220;&#8220; top_and_bottom_padding=&#8220;&#8220; left_and_right_padding=&#8220;&#8220; width=&#8220;1\/2&#8243; id=&#8220;&#8220; class=&#8220;gtks-widget-image-div gtks-widget-image-div-left&#8220; style=&#8220;&#8220; border_color=&#8220;&#8220;]<div class=\"column-item overflow-hidden text-center\"><img decoding=\"async\" width=\"3628\" height=\"3628\"  class=\" dima-img gtks-img\" src=\"https:\/\/www.greenetiks.it\/wp-content\/uploads\/2024\/04\/vision.jpg\"   alt=\"Blick einer Frau mit Brille\"><\/div>[\/vc_column][vc_column min_height=&#8220;&#8220; content_position=&#8220;center&#8220; float=&#8220;center&#8220; bg_type=&#8220;&#8220; dima_canvas_style=&#8220;&#8220; translate_x=&#8220;0&#8243; dima_z_index=&#8220;0&#8243; delay=&#8220;&#8220; delay_duration=&#8220;&#8220; delay_offset=&#8220;&#8220; top_and_bottom_padding=&#8220;&#8220; left_and_right_padding=&#8220;&#8220; width=&#8220;1\/2&#8243; id=&#8220;&#8220; class=&#8220;gtks-widget-text-div gtks-widget-text-div-right&#8220; style=&#8220;&#8220; border_color=&#8220;&#8220;]<h2  class=\"dima-custom-heading gtks-h2\" ><\/p>\n<div>\n<div>Unsere Vision<\/div>\n<\/div>\n<p><\/h2><div>\n<div>Der <strong>Partner<\/strong> f\u00fcr die 360\u00b0 Sportpflege zu sein.<\/div>\n<\/div>\n[\/vc_column][\/vc_row][vc_row no_margin=&#8220;true&#8220; equal_height=&#8220;true&#8220; bg_type=&#8220;&#8220; dima_canvas_style=&#8220;&#8220; translate_x=&#8220;0&#8243; dima_z_index=&#8220;0&#8243; delay=&#8220;&#8220; delay_duration=&#8220;&#8220; delay_offset=&#8220;&#8220; full_width=&#8220;full_width&#8220; top_and_bottom_padding=&#8220;&#8220; left_and_right_padding=&#8220;&#8220; id=&#8220;about-us-values&#8220; class=&#8220;gtks-widget-div gtks-row-reverse&#8220; style=&#8220;&#8220; border_color=&#8220;&#8220;][vc_column min_height=&#8220;&#8220; content_position=&#8220;center&#8220; float=&#8220;center&#8220; bg_type=&#8220;&#8220; dima_canvas_style=&#8220;&#8220; translate_x=&#8220;0&#8243; dima_z_index=&#8220;0&#8243; delay=&#8220;&#8220; delay_duration=&#8220;&#8220; delay_offset=&#8220;&#8220; top_and_bottom_padding=&#8220;&#8220; left_and_right_padding=&#8220;&#8220; width=&#8220;1\/2&#8243; id=&#8220;&#8220; class=&#8220;gtks-widget-text-div gtks-widget-text-div-left&#8220; style=&#8220;&#8220; bg_color=&#8220;#eff2f1&#8243; border_color=&#8220;&#8220;]<h2  class=\"dima-custom-heading gtks-h2\" ><\/p>\n<div>\n<div>Unsere Werte<\/div>\n<\/div>\n<p><\/h2><h3  class=\"dima-custom-heading\" ><\/p>\n<div>\n<div>Abfallvermeidung<\/div>\n<\/div>\n<p><\/h3><div>\n<div>Wir sind davon \u00fcberzeugt, da\u00df der Schl\u00fcssel zu einer nachhaltigen Entwicklung in einem sorgsameren Umgang mit den Ressourcen liegt, von den Rohstoffen bis zur Energie.<\/div>\n<\/div>\n<h3  class=\"dima-custom-heading\" ><\/p>\n<div>\n<div>Innovation<\/div>\n<\/div>\n<p><\/h3><div>\n<div>Wirksame Reaktion auf einen sich wandelnden Markt.<\/div>\n<\/div>\n<h3  class=\"dima-custom-heading\" ><\/p>\n<div>\n<div>Qualit\u00e4t<\/div>\n<\/div>\n<p><\/h3><div>\n<div>Von der Planung bis zum Kundendienst, nat\u00fcrlich auch f\u00fcr die verwendeten Komponenten.<\/div>\n<\/div>\n[\/vc_column][vc_column min_height=&#8220;&#8220; bg_type=&#8220;&#8220; dima_canvas_style=&#8220;&#8220; translate_x=&#8220;0&#8243; dima_z_index=&#8220;0&#8243; delay=&#8220;&#8220; delay_duration=&#8220;&#8220; delay_offset=&#8220;&#8220; top_and_bottom_padding=&#8220;&#8220; left_and_right_padding=&#8220;&#8220; width=&#8220;1\/2&#8243; id=&#8220;&#8220; class=&#8220;gtks-widget-image-div gtks-widget-image-div-right&#8220; style=&#8220;&#8220; border_color=&#8220;&#8220;]<div class=\"column-item overflow-hidden text-center\"><img decoding=\"async\" width=\"1080\" height=\"1080\"  class=\" dima-img gtks-img\" src=\"https:\/\/www.greenetiks.it\/wp-content\/uploads\/2024\/04\/values.jpg\"   alt=\"3 benachbarte Holzw\u00fcrfel\"><\/div>[\/vc_column][\/vc_row]<\/p>\n<\/div>","protected":false},"excerpt":{"rendered":"<p>[vc_row full_w_bg=&#8220;true&#8220; equal_height=&#8220;true&#8220; bg_type=&#8220;bg_image&#8220; dima_canvas_style=&#8220;&#8220; translate_x=&#8220;0&#8243; dima_z_index=&#8220;0&#8243; delay=&#8220;&#8220; delay_duration=&#8220;&#8220; delay_offset=&#8220;&#8220; full_width=&#8220;full_width&#8220; top_and_bottom_padding=&#8220;&#8220; left_and_right_padding=&#8220;&#8220; id=&#8220;about-us-general&#8220; class=&#8220;gtks-about-us-general-div&#8220; style=&#8220;&#8220; border_color=&#8220;&#8220; di_bg_image=&#8220;2000&#8243;][vc_column min_height=&#8220;&#8220; content_position=&#8220;center&#8220; float=&#8220;center&#8220; bg_type=&#8220;&#8220; dima_canvas_style=&#8220;&#8220; translate_x=&#8220;0&#8243; dima_z_index=&#8220;0&#8243; delay=&#8220;&#8220; delay_duration=&#8220;&#8220; delay_offset=&#8220;&#8220; top_and_bottom_padding=&#8220;&#8220; left_and_right_padding=&#8220;&#8220; width=&#8220;1\/2&#8243; id=&#8220;&#8220; class=&#8220;gtks-widget-text-div gtks-widget-text-div-left gtks-about-us-general-text-div&#8220; style=&#8220;color: white;&#8220; border_color=&#8220;&#8220;][\/vc_column][vc_column min_height=&#8220;&#8220; bg_type=&#8220;&#8220; dima_canvas_style=&#8220;&#8220; translate_x=&#8220;0&#8243; dima_z_index=&#8220;0&#8243; delay=&#8220;&#8220; delay_duration=&#8220;&#8220; delay_offset=&#8220;&#8220; width=&#8220;1\/2&#8243;][\/vc_column][\/vc_row][vc_row equal_height=&#8220;true&#8220; bg_type=&#8220;&#8220; dima_canvas_style=&#8220;&#8220; translate_x=&#8220;0&#8243; dima_z_index=&#8220;0&#8243; delay=&#8220;&#8220; delay_duration=&#8220;&#8220; delay_offset=&#8220;&#8220; [&hellip;]<\/p>\n","protected":false},"author":3,"featured_media":0,"parent":0,"menu_order":1,"comment_status":"closed","ping_status":"closed","template":"template-no-sidebar.php","meta":{"_acf_changed":false,"footnotes":""},"class_list":["post-2157","page","type-page","status-publish","hentry"],"acf":[],"_links":{"self":[{"href":"https:\/\/www.greenetiks.it\/de\/wp-json\/wp\/v2\/pages\/2157","targetHints":{"allow":["GET"]}}],"collection":[{"href":"https:\/\/www.greenetiks.it\/de\/wp-json\/wp\/v2\/pages"}],"about":[{"href":"https:\/\/www.greenetiks.it\/de\/wp-json\/wp\/v2\/types\/page"}],"author":[{"embeddable":true,"href":"https:\/\/www.greenetiks.it\/de\/wp-json\/wp\/v2\/users\/3"}],"replies":[{"embeddable":true,"href":"https:\/\/www.greenetiks.it\/de\/wp-json\/wp\/v2\/comments?post=2157"}],"version-history":[{"count":0,"href":"https:\/\/www.greenetiks.it\/de\/wp-json\/wp\/v2\/pages\/2157\/revisions"}],"wp:attachment":[{"href":"https:\/\/www.greenetiks.it\/de\/wp-json\/wp\/v2\/media?parent=2157"}],"curies":[{"name":"wp","href":"https:\/\/api.w.org\/{rel}","templated":true}]}}