{"id":2857,"date":"2024-06-30T20:43:04","date_gmt":"2024-06-30T18:43:04","guid":{"rendered":"https:\/\/www.greenetiks.it\/?page_id=2857"},"modified":"2025-02-15T11:24:59","modified_gmt":"2025-02-15T10:24:59","slug":"traglufthallen","status":"publish","type":"page","link":"https:\/\/www.greenetiks.it\/de\/pvc-strukturen\/traglufthallen\/","title":{"rendered":"Traglufthallen"},"content":{"rendered":"<div class=\"wpb-content-wrapper\"><p>[vc_row no_margin=&#8220;true&#8220; equal_height=&#8220;true&#8220; bg_type=&#8220;&#8220; dima_canvas_style=&#8220;&#8220; translate_x=&#8220;0&#8243; dima_z_index=&#8220;0&#8243; delay=&#8220;&#8220; delay_duration=&#8220;&#8220; delay_offset=&#8220;&#8220; full_width=&#8220;full_width&#8220; top_and_bottom_padding=&#8220;&#8220; left_and_right_padding=&#8220;&#8220; id=&#8220;general&#8220; class=&#8220;gtks-widget-div&#8220; style=&#8220;&#8220; border_color=&#8220;&#8220;][vc_column min_height=&#8220;&#8220; bg_type=&#8220;&#8220; dima_canvas_style=&#8220;&#8220; translate_x=&#8220;0&#8243; dima_z_index=&#8220;0&#8243; delay=&#8220;&#8220; delay_duration=&#8220;&#8220; delay_offset=&#8220;&#8220; top_and_bottom_padding=&#8220;&#8220; left_and_right_padding=&#8220;&#8220; width=&#8220;1\/2&#8243; id=&#8220;&#8220; class=&#8220;gtks-widget-image-div gtks-widget-image-div-left&#8220; style=&#8220;&#8220; border_color=&#8220;&#8220;]<div class=\"column-item overflow-hidden text-center\"><img decoding=\"async\" width=\"1080\" height=\"1080\"  class=\" dima-img gtks-img\" src=\"https:\/\/www.greenetiks.it\/wp-content\/uploads\/2024\/06\/air-dome.jpg\"   alt=\"Traglufthalle\"><\/div>[\/vc_column][vc_column min_height=&#8220;&#8220; content_position=&#8220;center&#8220; float=&#8220;center&#8220; bg_type=&#8220;&#8220; dima_canvas_style=&#8220;&#8220; translate_x=&#8220;0&#8243; dima_z_index=&#8220;0&#8243; delay=&#8220;&#8220; delay_duration=&#8220;&#8220; delay_offset=&#8220;&#8220; top_and_bottom_padding=&#8220;&#8220; left_and_right_padding=&#8220;&#8220; width=&#8220;1\/2&#8243; id=&#8220;&#8220; class=&#8220;gtks-widget-text-div gtks-widget-text-div-left gtks-about-us-general-text-div&#8220; style=&#8220;&#8220; border_color=&#8220;&#8220;]<h2  class=\"dima-custom-heading gtks-h2\" >Effizienz, Qualit\u00e4t und umfassender Service<\/h2><div class=\"gtks-p\">Ma\u00dfgeschneidertes Design und hochwertige Materialien f\u00fcr ein Produkt, das mit unseren neuesten energiesparenden Innovationen ausgestattet ist.<\/div>\n<a   data-direction=\"down\" class=\" button gtks-buttonfill dima-btn-small\"  href=\"#info\"    >Informationen anfordern<\/a>[\/vc_column][\/vc_row][vc_row bg_type=&#8220;&#8220; dima_canvas_style=&#8220;&#8220; translate_x=&#8220;0&#8243; dima_z_index=&#8220;0&#8243; delay=&#8220;&#8220; delay_duration=&#8220;&#8220; delay_offset=&#8220;&#8220; id=&#8220;&#8220; class=&#8220;gtks-widget-separator&#8220; border_color=&#8220;&#8220;][vc_column min_height=&#8220;&#8220; bg_type=&#8220;&#8220; dima_canvas_style=&#8220;&#8220; translate_x=&#8220;0&#8243; dima_z_index=&#8220;0&#8243; delay=&#8220;&#8220; delay_duration=&#8220;&#8220; delay_offset=&#8220;&#8220; width=&#8220;1\/1&#8243;][vc_separator el_class=&#8220;gtks-widget-separator&#8220;][\/vc_column][\/vc_row][vc_row no_margin=&#8220;true&#8220; equal_height=&#8220;true&#8220; bg_type=&#8220;&#8220; dima_canvas_style=&#8220;&#8220; translate_x=&#8220;0&#8243; dima_z_index=&#8220;0&#8243; delay=&#8220;&#8220; delay_duration=&#8220;&#8220; delay_offset=&#8220;&#8220; full_width=&#8220;full_width&#8220; top_and_bottom_padding=&#8220;&#8220; left_and_right_padding=&#8220;&#8220; id=&#8220;effective&#8220; class=&#8220;gtks-widget-div gtks-row-reverse&#8220; style=&#8220;&#8220; border_color=&#8220;&#8220;][vc_column min_height=&#8220;&#8220; content_position=&#8220;center&#8220; float=&#8220;center&#8220; bg_type=&#8220;&#8220; dima_canvas_style=&#8220;&#8220; translate_x=&#8220;0&#8243; dima_z_index=&#8220;0&#8243; delay=&#8220;&#8220; delay_duration=&#8220;&#8220; delay_offset=&#8220;&#8220; top_and_bottom_padding=&#8220;&#8220; left_and_right_padding=&#8220;&#8220; width=&#8220;1\/2&#8243; id=&#8220;&#8220; class=&#8220;gtks-widget-text-div gtks-widget-text-div-left&#8220; style=&#8220;&#8220; bg_color=&#8220;#eff2f1&#8243; border_color=&#8220;&#8220;]<h2  class=\"dima-custom-heading gtks-h2\" ><\/p>\n<div>Ma\u00dfgeschneidertes Projekt<\/div>\n<p><\/h2><div>Indem wir uns um jedes Detail des Projekts k\u00fcmmern, von der H\u00f6he der Struktur bis zur Position der T\u00fcren, realisieren wir L\u00f6sungen, die jeden Kundenwunsch erf\u00fcllen.<\/div>\n[\/vc_column][vc_column min_height=&#8220;&#8220; bg_type=&#8220;&#8220; dima_canvas_style=&#8220;&#8220; translate_x=&#8220;0&#8243; dima_z_index=&#8220;0&#8243; delay=&#8220;&#8220; delay_duration=&#8220;&#8220; delay_offset=&#8220;&#8220; top_and_bottom_padding=&#8220;&#8220; left_and_right_padding=&#8220;&#8220; width=&#8220;1\/2&#8243; id=&#8220;&#8220; class=&#8220;gtks-widget-image-div gtks-widget-image-div-right&#8220; style=&#8220;&#8220; border_color=&#8220;&#8220;]<div class=\"column-item overflow-hidden text-center\"><img decoding=\"async\" width=\"1080\" height=\"1080\"  class=\" dima-img gtks-img\" src=\"https:\/\/www.greenetiks.it\/wp-content\/uploads\/2024\/06\/custom-1.jpg\"   alt=\"Ma\u00dfgeschneidertes Projekt\"><\/div>[\/vc_column][\/vc_row][vc_row bg_type=&#8220;&#8220; dima_canvas_style=&#8220;&#8220; translate_x=&#8220;0&#8243; dima_z_index=&#8220;0&#8243; delay=&#8220;&#8220; delay_duration=&#8220;&#8220; delay_offset=&#8220;&#8220; id=&#8220;&#8220; class=&#8220;gtks-widget-separator&#8220; border_color=&#8220;&#8220;][vc_column min_height=&#8220;&#8220; bg_type=&#8220;&#8220; dima_canvas_style=&#8220;&#8220; translate_x=&#8220;0&#8243; dima_z_index=&#8220;0&#8243; delay=&#8220;&#8220; delay_duration=&#8220;&#8220; delay_offset=&#8220;&#8220; width=&#8220;1\/1&#8243;][vc_separator el_class=&#8220;gtks-widget-separator&#8220;][\/vc_column][\/vc_row][vc_row no_margin=&#8220;true&#8220; equal_height=&#8220;true&#8220; bg_type=&#8220;&#8220; dima_canvas_style=&#8220;&#8220; translate_x=&#8220;0&#8243; dima_z_index=&#8220;0&#8243; delay=&#8220;&#8220; delay_duration=&#8220;&#8220; delay_offset=&#8220;&#8220; full_width=&#8220;full_width&#8220; top_and_bottom_padding=&#8220;&#8220; left_and_right_padding=&#8220;&#8220; id=&#8220;thought&#8220; class=&#8220;gtks-widget-div&#8220; style=&#8220;&#8220; border_color=&#8220;&#8220;][vc_column min_height=&#8220;&#8220; bg_type=&#8220;&#8220; dima_canvas_style=&#8220;&#8220; translate_x=&#8220;0&#8243; dima_z_index=&#8220;0&#8243; delay=&#8220;&#8220; delay_duration=&#8220;&#8220; delay_offset=&#8220;&#8220; top_and_bottom_padding=&#8220;&#8220; left_and_right_padding=&#8220;&#8220; width=&#8220;1\/2&#8243; id=&#8220;&#8220; class=&#8220;gtks-widget-image-div gtks-widget-image-div-left&#8220; style=&#8220;&#8220; border_color=&#8220;&#8220;]<div class=\"column-item overflow-hidden text-center\"><img decoding=\"async\" width=\"1080\" height=\"1080\"  class=\" dima-img gtks-img\" src=\"https:\/\/www.greenetiks.it\/wp-content\/uploads\/2024\/06\/saving.jpg\"   alt=\"M\u00fcnzen neben dem Sparschwein gestapelt\"><\/div>[\/vc_column][vc_column min_height=&#8220;&#8220; content_position=&#8220;center&#8220; float=&#8220;center&#8220; bg_type=&#8220;&#8220; dima_canvas_style=&#8220;&#8220; translate_x=&#8220;0&#8243; dima_z_index=&#8220;0&#8243; delay=&#8220;&#8220; delay_duration=&#8220;&#8220; delay_offset=&#8220;&#8220; top_and_bottom_padding=&#8220;&#8220; left_and_right_padding=&#8220;&#8220; width=&#8220;1\/2&#8243; id=&#8220;&#8220; class=&#8220;gtks-widget-text-div gtks-widget-text-div-left gtks-about-us-general-text-div&#8220; style=&#8220;&#8220; border_color=&#8220;&#8220;]<h2  class=\"dima-custom-heading gtks-h2\" >Energie und Geld sparen<\/h2><div>Dank unseres Fachwissens im <a id=\"ventilation\" href=\"https:\/\/www.greenetiks.it\/de\/lueftung\/\">L\u00fcftung<\/a> und <a id=\"heating\" href=\"https:\/\/www.greenetiks.it\/de\/heizung\/\">Heizung<\/a> Bereich, k\u00f6nnen wir innovative und integrierte L\u00f6sungen zur Senkung der Betriebskosten anbieten.<\/div>\n[\/vc_column][\/vc_row][vc_row bg_type=&#8220;&#8220; dima_canvas_style=&#8220;&#8220; translate_x=&#8220;0&#8243; dima_z_index=&#8220;0&#8243; delay=&#8220;&#8220; delay_duration=&#8220;&#8220; delay_offset=&#8220;&#8220; id=&#8220;&#8220; class=&#8220;gtks-widget-separator&#8220; border_color=&#8220;&#8220;][vc_column min_height=&#8220;&#8220; bg_type=&#8220;&#8220; dima_canvas_style=&#8220;&#8220; translate_x=&#8220;0&#8243; dima_z_index=&#8220;0&#8243; delay=&#8220;&#8220; delay_duration=&#8220;&#8220; delay_offset=&#8220;&#8220; width=&#8220;1\/1&#8243;][vc_separator el_class=&#8220;gtks-widget-separator&#8220;][\/vc_column][\/vc_row][vc_row no_margin=&#8220;true&#8220; equal_height=&#8220;true&#8220; bg_type=&#8220;&#8220; dima_canvas_style=&#8220;&#8220; translate_x=&#8220;0&#8243; dima_z_index=&#8220;0&#8243; delay=&#8220;&#8220; delay_duration=&#8220;&#8220; delay_offset=&#8220;&#8220; full_width=&#8220;full_width&#8220; top_and_bottom_padding=&#8220;&#8220; left_and_right_padding=&#8220;&#8220; id=&#8220;energy-monitoring&#8220; class=&#8220;gtks-widget-div gtks-row-reverse&#8220; style=&#8220;&#8220; border_color=&#8220;&#8220;][vc_column min_height=&#8220;&#8220; content_position=&#8220;center&#8220; float=&#8220;center&#8220; bg_type=&#8220;&#8220; dima_canvas_style=&#8220;&#8220; translate_x=&#8220;0&#8243; dima_z_index=&#8220;0&#8243; delay=&#8220;&#8220; delay_duration=&#8220;&#8220; delay_offset=&#8220;&#8220; top_and_bottom_padding=&#8220;&#8220; left_and_right_padding=&#8220;&#8220; width=&#8220;1\/2&#8243; id=&#8220;&#8220; class=&#8220;gtks-widget-text-div gtks-widget-text-div-left&#8220; style=&#8220;&#8220; bg_color=&#8220;#eff2f1&#8243; border_color=&#8220;&#8220;]<h2  class=\"dima-custom-heading gtks-h2\" ><\/p>\n<div>Qualit\u00e4tsprodukte<\/div>\n<p><\/h2><div>Wir verwenden hochwertige, robuste und langlebige Materialien, die auch extremen Witterungsbedingungen und l\u00e4ngerer Sonneneinstrahlung standhalten.<\/div>\n[\/vc_column][vc_column min_height=&#8220;&#8220; bg_type=&#8220;&#8220; dima_canvas_style=&#8220;&#8220; translate_x=&#8220;0&#8243; dima_z_index=&#8220;0&#8243; delay=&#8220;&#8220; delay_duration=&#8220;&#8220; delay_offset=&#8220;&#8220; top_and_bottom_padding=&#8220;&#8220; left_and_right_padding=&#8220;&#8220; width=&#8220;1\/2&#8243; id=&#8220;&#8220; class=&#8220;gtks-widget-image-div gtks-widget-image-div-right&#8220; style=&#8220;&#8220; border_color=&#8220;&#8220;]<div class=\"column-item overflow-hidden text-center\"><img decoding=\"async\" width=\"1080\" height=\"1080\"  class=\" dima-img gtks-img\" src=\"https:\/\/www.greenetiks.it\/wp-content\/uploads\/2024\/06\/quality-1.jpg\"   alt=\"Materialproben\"><\/div>[\/vc_column][\/vc_row][vc_row bg_type=&#8220;&#8220; dima_canvas_style=&#8220;&#8220; translate_x=&#8220;0&#8243; dima_z_index=&#8220;0&#8243; delay=&#8220;&#8220; delay_duration=&#8220;&#8220; delay_offset=&#8220;&#8220; id=&#8220;&#8220; class=&#8220;gtks-widget-separator&#8220; border_color=&#8220;&#8220;][vc_column min_height=&#8220;&#8220; bg_type=&#8220;&#8220; dima_canvas_style=&#8220;&#8220; translate_x=&#8220;0&#8243; dima_z_index=&#8220;0&#8243; delay=&#8220;&#8220; delay_duration=&#8220;&#8220; delay_offset=&#8220;&#8220; width=&#8220;1\/1&#8243;][vc_separator el_class=&#8220;gtks-widget-separator&#8220;][\/vc_column][\/vc_row][vc_row no_margin=&#8220;true&#8220; equal_height=&#8220;true&#8220; bg_type=&#8220;&#8220; dima_canvas_style=&#8220;&#8220; translate_x=&#8220;0&#8243; dima_z_index=&#8220;0&#8243; delay=&#8220;&#8220; delay_duration=&#8220;&#8220; delay_offset=&#8220;&#8220; full_width=&#8220;full_width&#8220; top_and_bottom_padding=&#8220;&#8220; left_and_right_padding=&#8220;&#8220; id=&#8220;tele-assistance&#8220; class=&#8220;gtks-widget-div&#8220; style=&#8220;&#8220; border_color=&#8220;&#8220;][vc_column min_height=&#8220;&#8220; bg_type=&#8220;&#8220; dima_canvas_style=&#8220;&#8220; translate_x=&#8220;0&#8243; dima_z_index=&#8220;0&#8243; delay=&#8220;&#8220; delay_duration=&#8220;&#8220; delay_offset=&#8220;&#8220; top_and_bottom_padding=&#8220;&#8220; left_and_right_padding=&#8220;&#8220; width=&#8220;1\/2&#8243; id=&#8220;&#8220; class=&#8220;gtks-widget-image-div gtks-widget-image-div-left&#8220; style=&#8220;&#8220; border_color=&#8220;&#8220;]<div class=\"column-item overflow-hidden text-center\"><img decoding=\"async\" width=\"1080\" height=\"1080\"  class=\" dima-img gtks-img\" src=\"https:\/\/www.greenetiks.it\/wp-content\/uploads\/2024\/06\/key.jpg\"   alt=\"Mit zwei Fingern gehaltene Schl\u00fcssel\"><\/div>[\/vc_column][vc_column min_height=&#8220;&#8220; content_position=&#8220;center&#8220; float=&#8220;center&#8220; bg_type=&#8220;&#8220; dima_canvas_style=&#8220;&#8220; translate_x=&#8220;0&#8243; dima_z_index=&#8220;0&#8243; delay=&#8220;&#8220; delay_duration=&#8220;&#8220; delay_offset=&#8220;&#8220; top_and_bottom_padding=&#8220;&#8220; left_and_right_padding=&#8220;&#8220; width=&#8220;1\/2&#8243; id=&#8220;&#8220; class=&#8220;gtks-widget-text-div gtks-widget-text-div-left gtks-about-us-general-text-div&#8220; style=&#8220;&#8220; border_color=&#8220;&#8220;]<h2  class=\"dima-custom-heading gtks-h2\" ><\/p>\n<div>Schl\u00fcsselfertige Dienstleistung<\/div>\n<p><\/h2><div>Vom Entwurf bis zum Kundendienst und nat\u00fcrlich der Montage bieten wir einen kompletten Service. F\u00fcr ein Projekt, bei dem sich der Kunde keine Sorgen machen muss.<\/div>\n[\/vc_column][\/vc_row][vc_row bg_type=&#8220;&#8220; dima_canvas_style=&#8220;&#8220; translate_x=&#8220;0&#8243; dima_z_index=&#8220;0&#8243; delay=&#8220;&#8220; delay_duration=&#8220;&#8220; delay_offset=&#8220;&#8220; id=&#8220;&#8220; class=&#8220;gtks-widget-separator&#8220; border_color=&#8220;&#8220;][vc_column min_height=&#8220;&#8220; bg_type=&#8220;&#8220; dima_canvas_style=&#8220;&#8220; translate_x=&#8220;0&#8243; dima_z_index=&#8220;0&#8243; delay=&#8220;&#8220; delay_duration=&#8220;&#8220; delay_offset=&#8220;&#8220; width=&#8220;1\/1&#8243;][vc_separator el_class=&#8220;gtks-widget-separator&#8220;][\/vc_column][\/vc_row][vc_row bg_type=&#8220;&#8220; dima_canvas_style=&#8220;&#8220; translate_x=&#8220;0&#8243; dima_z_index=&#8220;0&#8243; delay=&#8220;&#8220; delay_duration=&#8220;&#8220; delay_offset=&#8220;&#8220; top_and_bottom_padding=&#8220;&#8220; left_and_right_padding=&#8220;&#8220; id=&#8220;info&#8220; class=&#8220;gtks-widget-div gtks-info-div&#8220; border_color=&#8220;&#8220;][vc_column min_height=&#8220;&#8220; bg_type=&#8220;&#8220; dima_canvas_style=&#8220;&#8220; translate_x=&#8220;0&#8243; dima_z_index=&#8220;0&#8243; delay=&#8220;&#8220; delay_duration=&#8220;&#8220; delay_offset=&#8220;&#8220; top_and_bottom_padding=&#8220;&#8220; left_and_right_padding=&#8220;&#8220; width=&#8220;1\/2&#8243;][vc_custom_heading text=&#8220;Kontakte&#8220; use_theme_fonts=&#8220;yes&#8220; css=&#8220;&#8220;]\n<div class=\"wpcf7 no-js\" id=\"wpcf7-f2209-o1\" lang=\"de-DE\" dir=\"ltr\" data-wpcf7-id=\"2209\">\n<div class=\"screen-reader-response\"><p role=\"status\" aria-live=\"polite\" aria-atomic=\"true\"><\/p> <ul><\/ul><\/div>\n<form action=\"\/de\/wp-json\/wp\/v2\/pages\/2857#wpcf7-f2209-o1\" method=\"post\" class=\"wpcf7-form init wpcf7-acceptance-as-validation\" aria-label=\"Kontaktformular\" novalidate=\"novalidate\" data-status=\"init\">\n<fieldset class=\"hidden-fields-container\"><input type=\"hidden\" name=\"_wpcf7\" value=\"2209\" \/><input type=\"hidden\" name=\"_wpcf7_version\" value=\"6.1.5\" \/><input type=\"hidden\" name=\"_wpcf7_locale\" value=\"de_DE\" \/><input type=\"hidden\" name=\"_wpcf7_unit_tag\" value=\"wpcf7-f2209-o1\" \/><input type=\"hidden\" name=\"_wpcf7_container_post\" value=\"0\" \/><input type=\"hidden\" name=\"_wpcf7_posted_data_hash\" value=\"\" \/><input type=\"hidden\" name=\"_wpcf7_recaptcha_response\" value=\"\" \/>\n<\/fieldset>\n<div class=\"ok-row\">\n\t<div class=\"ok-md-12 ok-xsd-12\">\n\t\t<p><label class=\"gtks-form-row\"><br \/>\nName\/Nachname (*)<br \/>\n<span class=\"wpcf7-form-control-wrap\" data-name=\"your-name\"><input size=\"40\" maxlength=\"400\" class=\"wpcf7-form-control wpcf7-text wpcf7-validates-as-required\" aria-required=\"true\" aria-invalid=\"false\" value=\"\" type=\"text\" name=\"your-name\" \/><\/span><br \/>\n<\/label>\n\t\t<\/p>\n\t<\/div>\n\t<div class=\"ok-md-12 ok-xsd-12\">\n\t\t<p><label class=\"gtks-form-row\"><br \/>\nPLZ<br \/>\n<span class=\"wpcf7-form-control-wrap\" data-name=\"your-cap\"><input size=\"40\" maxlength=\"400\" class=\"wpcf7-form-control wpcf7-text\" aria-invalid=\"false\" value=\"\" type=\"text\" name=\"your-cap\" \/><\/span><br \/>\n<\/label>\n\t\t<\/p>\n\t<\/div>\n\t<div class=\"ok-md-12 ok-xsd-12\">\n\t\t<p><label class=\"gtks-form-row\"><br \/>\nE-Mail (*)<br \/>\n<span class=\"wpcf7-form-control-wrap\" data-name=\"your-email\"><input size=\"40\" maxlength=\"400\" class=\"wpcf7-form-control wpcf7-email wpcf7-validates-as-required wpcf7-text wpcf7-validates-as-email\" aria-required=\"true\" aria-invalid=\"false\" value=\"\" type=\"email\" name=\"your-email\" \/><\/span><br \/>\n<\/label>\n\t\t<\/p>\n\t<\/div>\n\t<div class=\"ok-md-12 ok-xsd-12\">\n\t\t<p><label class=\"gtks-form-row\"><br \/>\nTelefon<br \/>\n<span class=\"wpcf7-form-control-wrap\" data-name=\"your-phone\"><input size=\"40\" maxlength=\"400\" class=\"wpcf7-form-control wpcf7-text\" aria-invalid=\"false\" value=\"\" type=\"text\" name=\"your-phone\" \/><\/span><br \/>\n<\/label>\n\t\t<\/p>\n\t<\/div>\n<\/div>\n\n<!-- Get page URL -->\n<div style=\"display: none; height:0px\">\n<\/div>\n<p><label class=\"gtks-form-row\"><br \/>\nNachricht (*)<br \/>\n<span class=\"wpcf7-form-control-wrap\" data-name=\"your-message\"><textarea cols=\"40\" rows=\"10\" maxlength=\"2000\" class=\"wpcf7-form-control wpcf7-textarea wpcf7-validates-as-required\" aria-required=\"true\" aria-invalid=\"false\" name=\"your-message\"><\/textarea><\/span><br \/>\n<\/label>\n<\/p>\n<div class=\"privacy-wrapper\">\n\t<p><span class=\"wpcf7-form-control-wrap\" data-name=\"privacy\"><span class=\"wpcf7-form-control wpcf7-acceptance\"><span class=\"wpcf7-list-item\"><label><input type=\"checkbox\" name=\"privacy\" value=\"1\" aria-invalid=\"false\" \/><span class=\"wpcf7-list-item-label\">Nach Kenntnisnahme der Datenschutzerkl\u00e4rung im Sinne der europ\u00e4ischen Verordnung Nr. 2016\/679 und der geltenden Datenschutzvorschrift, stimme ich der Verarbeitung der pers\u00f6nlichen Daten zu.<\/span><\/label><\/span><\/span><\/span><label id=\"privacy_label\"><a class=\"link_privacy\" target=\"_blank\" href=\"\/de\/privacy-policy\">Bitte lesen Sie die Datenschutzerkl\u00e4rung durch<\/a><\/label>\n\t<\/p>\n<\/div>\n<div class=\"clear\">\n<\/div>\n<p><span id=\"wpcf7-69e3bbf93d6b6-wrapper\" class=\"wpcf7-form-control-wrap telephone-wrap\" style=\"display:none !important; visibility:hidden !important;\"><label for=\"wpcf7-69e3bbf93d6b6-field\" class=\"hp-message\">Bitte lasse dieses Feld leer.<\/label><input id=\"wpcf7-69e3bbf93d6b6-field\"  class=\"wpcf7-form-control wpcf7-text\" type=\"text\" name=\"telephone\" value=\"\" size=\"40\" tabindex=\"-1\" autocomplete=\"new-password\" \/><\/span>\n<\/p>\n<p><input class=\"wpcf7-form-control wpcf7-submit has-spinner\" type=\"submit\" value=\"SENDEN\" \/>\n<\/p><div class=\"wpcf7-response-output\" aria-hidden=\"true\"><\/div>\n<\/form>\n<\/div>\n[\/vc_column][vc_column min_height=&#8220;&#8220; bg_type=&#8220;&#8220; dima_canvas_style=&#8220;&#8220; translate_x=&#8220;0&#8243; dima_z_index=&#8220;0&#8243; delay=&#8220;&#8220; delay_duration=&#8220;&#8220; delay_offset=&#8220;&#8220; top_and_bottom_padding=&#8220;&#8220; left_and_right_padding=&#8220;&#8220; width=&#8220;1\/2&#8243;]<div  class=\"container\" ><div class=\"ok-row\"><div  class=\"no-xsd-offset ok-md-11 ok-xsd-12 ok-offset-md-1\"  ><p>F\u00fcr Informationen und Kostenvoranschl\u00e4ge:<\/p>\n<p>E-mail:\u00a0info@greenetiks.it<br \/>\nTelefon: (+39) 348 2618921<\/p>\n<\/div><\/div><\/div>[\/vc_column][\/vc_row]<\/p>\n<\/div>","protected":false},"excerpt":{"rendered":"<p>[vc_row no_margin=&#8220;true&#8220; equal_height=&#8220;true&#8220; bg_type=&#8220;&#8220; dima_canvas_style=&#8220;&#8220; translate_x=&#8220;0&#8243; dima_z_index=&#8220;0&#8243; delay=&#8220;&#8220; delay_duration=&#8220;&#8220; delay_offset=&#8220;&#8220; full_width=&#8220;full_width&#8220; top_and_bottom_padding=&#8220;&#8220; left_and_right_padding=&#8220;&#8220; id=&#8220;general&#8220; class=&#8220;gtks-widget-div&#8220; style=&#8220;&#8220; border_color=&#8220;&#8220;][vc_column min_height=&#8220;&#8220; bg_type=&#8220;&#8220; dima_canvas_style=&#8220;&#8220; translate_x=&#8220;0&#8243; dima_z_index=&#8220;0&#8243; delay=&#8220;&#8220; delay_duration=&#8220;&#8220; delay_offset=&#8220;&#8220; top_and_bottom_padding=&#8220;&#8220; left_and_right_padding=&#8220;&#8220; width=&#8220;1\/2&#8243; id=&#8220;&#8220; class=&#8220;gtks-widget-image-div gtks-widget-image-div-left&#8220; style=&#8220;&#8220; border_color=&#8220;&#8220;][\/vc_column][vc_column min_height=&#8220;&#8220; content_position=&#8220;center&#8220; float=&#8220;center&#8220; bg_type=&#8220;&#8220; dima_canvas_style=&#8220;&#8220; translate_x=&#8220;0&#8243; dima_z_index=&#8220;0&#8243; delay=&#8220;&#8220; delay_duration=&#8220;&#8220; delay_offset=&#8220;&#8220; top_and_bottom_padding=&#8220;&#8220; left_and_right_padding=&#8220;&#8220; width=&#8220;1\/2&#8243; id=&#8220;&#8220; class=&#8220;gtks-widget-text-div gtks-widget-text-div-left gtks-about-us-general-text-div&#8220; style=&#8220;&#8220; border_color=&#8220;&#8220;][\/vc_column][\/vc_row][vc_row bg_type=&#8220;&#8220; dima_canvas_style=&#8220;&#8220; translate_x=&#8220;0&#8243; [&hellip;]<\/p>\n","protected":false},"author":3,"featured_media":0,"parent":2859,"menu_order":0,"comment_status":"closed","ping_status":"closed","template":"template-no-sidebar.php","meta":{"_acf_changed":false,"footnotes":""},"class_list":["post-2857","page","type-page","status-publish","hentry"],"acf":[],"_links":{"self":[{"href":"https:\/\/www.greenetiks.it\/de\/wp-json\/wp\/v2\/pages\/2857","targetHints":{"allow":["GET"]}}],"collection":[{"href":"https:\/\/www.greenetiks.it\/de\/wp-json\/wp\/v2\/pages"}],"about":[{"href":"https:\/\/www.greenetiks.it\/de\/wp-json\/wp\/v2\/types\/page"}],"author":[{"embeddable":true,"href":"https:\/\/www.greenetiks.it\/de\/wp-json\/wp\/v2\/users\/3"}],"replies":[{"embeddable":true,"href":"https:\/\/www.greenetiks.it\/de\/wp-json\/wp\/v2\/comments?post=2857"}],"version-history":[{"count":0,"href":"https:\/\/www.greenetiks.it\/de\/wp-json\/wp\/v2\/pages\/2857\/revisions"}],"up":[{"embeddable":true,"href":"https:\/\/www.greenetiks.it\/de\/wp-json\/wp\/v2\/pages\/2859"}],"wp:attachment":[{"href":"https:\/\/www.greenetiks.it\/de\/wp-json\/wp\/v2\/media?parent=2857"}],"curies":[{"name":"wp","href":"https:\/\/api.w.org\/{rel}","templated":true}]}}