{"id":2859,"date":"2024-06-30T20:41:56","date_gmt":"2024-06-30T18:41:56","guid":{"rendered":"https:\/\/www.greenetiks.it\/?page_id=2859"},"modified":"2025-02-15T11:24:53","modified_gmt":"2025-02-15T10:24:53","slug":"pvc-strukturen","status":"publish","type":"page","link":"https:\/\/www.greenetiks.it\/de\/pvc-strukturen\/","title":{"rendered":"Produkte und Dienstleistungen f\u00fcr PVC-Strukturen"},"content":{"rendered":"<div class=\"wpb-content-wrapper\"><p>[vc_row no_margin=&#8220;true&#8220; equal_height=&#8220;true&#8220; bg_type=&#8220;&#8220; dima_canvas_style=&#8220;&#8220; translate_x=&#8220;0&#8243; dima_z_index=&#8220;0&#8243; delay=&#8220;&#8220; delay_duration=&#8220;&#8220; delay_offset=&#8220;&#8220; full_width=&#8220;full_width&#8220; top_and_bottom_padding=&#8220;&#8220; left_and_right_padding=&#8220;&#8220; id=&#8220;air-domes&#8220; class=&#8220;gtks-widget-div&#8220; style=&#8220;&#8220; border_color=&#8220;&#8220;][vc_column min_height=&#8220;&#8220; bg_type=&#8220;&#8220; dima_canvas_style=&#8220;&#8220; translate_x=&#8220;0&#8243; dima_z_index=&#8220;0&#8243; delay=&#8220;&#8220; delay_duration=&#8220;&#8220; delay_offset=&#8220;&#8220; top_and_bottom_padding=&#8220;&#8220; left_and_right_padding=&#8220;&#8220; width=&#8220;1\/2&#8243; id=&#8220;&#8220; class=&#8220;gtks-widget-image-div gtks-widget-image-div-left&#8220; style=&#8220;&#8220; border_color=&#8220;&#8220;]<div class=\"column-item overflow-hidden text-center\"><img decoding=\"async\" width=\"1080\" height=\"1080\"  class=\" dima-img gtks-img\" src=\"https:\/\/www.greenetiks.it\/wp-content\/uploads\/2024\/06\/air-dome.jpg\"   alt=\"Traglufthalle\"><\/div>[\/vc_column][vc_column min_height=&#8220;&#8220; content_position=&#8220;center&#8220; float=&#8220;center&#8220; bg_type=&#8220;&#8220; dima_canvas_style=&#8220;&#8220; translate_x=&#8220;0&#8243; dima_z_index=&#8220;0&#8243; delay=&#8220;&#8220; delay_duration=&#8220;&#8220; delay_offset=&#8220;&#8220; top_and_bottom_padding=&#8220;&#8220; left_and_right_padding=&#8220;&#8220; width=&#8220;1\/2&#8243; id=&#8220;&#8220; class=&#8220;gtks-widget-text-div gtks-widget-text-div-left gtks-about-us-general-text-div&#8220; style=&#8220;&#8220; border_color=&#8220;&#8220;]<h2  class=\"dima-custom-heading gtks-h2\" >Traglufthallen<\/h2><div>Ma\u00dfgeschneidertes Design und hochwertige Materialien f\u00fcr ein Produkt, das mit unseren neuesten energiesparenden Innovationen ausgestattet ist.<\/div>\n<a   data-direction=\"down\" class=\" button gtks-buttonfill dima-btn-small\"  href=\"https:\/\/www.greenetiks.it\/de\/pvc-strukturen\/traglufthallen\/\"    >Weitere Informationen<\/a>[\/vc_column][\/vc_row][vc_row bg_type=&#8220;&#8220; dima_canvas_style=&#8220;&#8220; translate_x=&#8220;0&#8243; dima_z_index=&#8220;0&#8243; delay=&#8220;&#8220; delay_duration=&#8220;&#8220; delay_offset=&#8220;&#8220; id=&#8220;&#8220; class=&#8220;gtks-widget-separator&#8220; border_color=&#8220;&#8220;][vc_column min_height=&#8220;&#8220; bg_type=&#8220;&#8220; dima_canvas_style=&#8220;&#8220; translate_x=&#8220;0&#8243; dima_z_index=&#8220;0&#8243; delay=&#8220;&#8220; delay_duration=&#8220;&#8220; delay_offset=&#8220;&#8220; width=&#8220;1\/1&#8243;][vc_separator el_class=&#8220;gtks-widget-separator&#8220;][\/vc_column][\/vc_row][vc_row no_margin=&#8220;true&#8220; equal_height=&#8220;true&#8220; bg_type=&#8220;&#8220; dima_canvas_style=&#8220;&#8220; translate_x=&#8220;0&#8243; dima_z_index=&#8220;0&#8243; delay=&#8220;&#8220; delay_duration=&#8220;&#8220; delay_offset=&#8220;&#8220; full_width=&#8220;full_width&#8220; top_and_bottom_padding=&#8220;&#8220; left_and_right_padding=&#8220;&#8220; id=&#8220;pvc-repairing&#8220; class=&#8220;gtks-widget-div gtks-row-reverse&#8220; style=&#8220;&#8220; border_color=&#8220;&#8220;][vc_column min_height=&#8220;&#8220; content_position=&#8220;center&#8220; float=&#8220;center&#8220; bg_type=&#8220;&#8220; dima_canvas_style=&#8220;&#8220; translate_x=&#8220;0&#8243; dima_z_index=&#8220;0&#8243; delay=&#8220;&#8220; delay_duration=&#8220;&#8220; delay_offset=&#8220;&#8220; top_and_bottom_padding=&#8220;&#8220; left_and_right_padding=&#8220;&#8220; width=&#8220;1\/2&#8243; id=&#8220;&#8220; class=&#8220;gtks-widget-text-div gtks-widget-text-div-left&#8220; style=&#8220;&#8220; bg_color=&#8220;#eff2f1&#8243; border_color=&#8220;&#8220;]<h2  class=\"dima-custom-heading gtks-h2\" ><\/p>\n<div>PVC-Folienreparatur<\/div>\n<p><\/h2><div>Entdecken Sie unseren Reparatur- und Wartungsservice f\u00fcr PVC-Strukturen. Verringern Sie St\u00f6rungen und Sch\u00e4den, die durch Witterungseinfl\u00fcsse und Vandalismus verursacht werden.<\/div>\n<a   data-direction=\"down\" class=\" button gtks-buttonfill dima-btn-small\"  href=\"https:\/\/www.greenetiks.it\/de\/pvc-strukturen\/pvc-folienreparatur\/\"    >Weitere Informationen<\/a>[\/vc_column][vc_column min_height=&#8220;&#8220; bg_type=&#8220;&#8220; dima_canvas_style=&#8220;&#8220; translate_x=&#8220;0&#8243; dima_z_index=&#8220;0&#8243; delay=&#8220;&#8220; delay_duration=&#8220;&#8220; delay_offset=&#8220;&#8220; top_and_bottom_padding=&#8220;&#8220; left_and_right_padding=&#8220;&#8220; width=&#8220;1\/2&#8243; id=&#8220;&#8220; class=&#8220;gtks-widget-image-div gtks-widget-image-div-right&#8220; style=&#8220;&#8220; border_color=&#8220;&#8220;]<div class=\"column-item overflow-hidden text-center\"><img decoding=\"async\" width=\"1080\" height=\"1080\"  class=\" dima-img gtks-img\" src=\"https:\/\/www.greenetiks.it\/wp-content\/uploads\/2024\/06\/PVCRepairing.jpg\"   alt=\"PVC-Rollen und Industriehaartrockner\"><\/div>[\/vc_column][\/vc_row]<\/p>\n<\/div>","protected":false},"excerpt":{"rendered":"<p>[vc_row no_margin=&#8220;true&#8220; equal_height=&#8220;true&#8220; bg_type=&#8220;&#8220; dima_canvas_style=&#8220;&#8220; translate_x=&#8220;0&#8243; dima_z_index=&#8220;0&#8243; delay=&#8220;&#8220; delay_duration=&#8220;&#8220; delay_offset=&#8220;&#8220; full_width=&#8220;full_width&#8220; top_and_bottom_padding=&#8220;&#8220; left_and_right_padding=&#8220;&#8220; id=&#8220;air-domes&#8220; class=&#8220;gtks-widget-div&#8220; style=&#8220;&#8220; border_color=&#8220;&#8220;][vc_column min_height=&#8220;&#8220; bg_type=&#8220;&#8220; dima_canvas_style=&#8220;&#8220; translate_x=&#8220;0&#8243; dima_z_index=&#8220;0&#8243; delay=&#8220;&#8220; delay_duration=&#8220;&#8220; delay_offset=&#8220;&#8220; top_and_bottom_padding=&#8220;&#8220; left_and_right_padding=&#8220;&#8220; width=&#8220;1\/2&#8243; id=&#8220;&#8220; class=&#8220;gtks-widget-image-div gtks-widget-image-div-left&#8220; style=&#8220;&#8220; border_color=&#8220;&#8220;][\/vc_column][vc_column min_height=&#8220;&#8220; content_position=&#8220;center&#8220; float=&#8220;center&#8220; bg_type=&#8220;&#8220; dima_canvas_style=&#8220;&#8220; translate_x=&#8220;0&#8243; dima_z_index=&#8220;0&#8243; delay=&#8220;&#8220; delay_duration=&#8220;&#8220; delay_offset=&#8220;&#8220; top_and_bottom_padding=&#8220;&#8220; left_and_right_padding=&#8220;&#8220; width=&#8220;1\/2&#8243; id=&#8220;&#8220; class=&#8220;gtks-widget-text-div gtks-widget-text-div-left gtks-about-us-general-text-div&#8220; style=&#8220;&#8220; border_color=&#8220;&#8220;][\/vc_column][\/vc_row][vc_row bg_type=&#8220;&#8220; dima_canvas_style=&#8220;&#8220; translate_x=&#8220;0&#8243; [&hellip;]<\/p>\n","protected":false},"author":3,"featured_media":0,"parent":0,"menu_order":2,"comment_status":"closed","ping_status":"closed","template":"template-no-sidebar.php","meta":{"_acf_changed":false,"footnotes":""},"class_list":["post-2859","page","type-page","status-publish","hentry"],"acf":[],"_links":{"self":[{"href":"https:\/\/www.greenetiks.it\/de\/wp-json\/wp\/v2\/pages\/2859","targetHints":{"allow":["GET"]}}],"collection":[{"href":"https:\/\/www.greenetiks.it\/de\/wp-json\/wp\/v2\/pages"}],"about":[{"href":"https:\/\/www.greenetiks.it\/de\/wp-json\/wp\/v2\/types\/page"}],"author":[{"embeddable":true,"href":"https:\/\/www.greenetiks.it\/de\/wp-json\/wp\/v2\/users\/3"}],"replies":[{"embeddable":true,"href":"https:\/\/www.greenetiks.it\/de\/wp-json\/wp\/v2\/comments?post=2859"}],"version-history":[{"count":0,"href":"https:\/\/www.greenetiks.it\/de\/wp-json\/wp\/v2\/pages\/2859\/revisions"}],"wp:attachment":[{"href":"https:\/\/www.greenetiks.it\/de\/wp-json\/wp\/v2\/media?parent=2859"}],"curies":[{"name":"wp","href":"https:\/\/api.w.org\/{rel}","templated":true}]}}