{"id":859,"date":"2019-02-08T17:08:40","date_gmt":"2019-02-08T17:08:40","guid":{"rendered":"https:\/\/www.greenetiks.it\/home\/"},"modified":"2025-02-15T11:15:21","modified_gmt":"2025-02-15T10:15:21","slug":"home","status":"publish","type":"page","link":"https:\/\/www.greenetiks.it\/de\/","title":{"rendered":"Home"},"content":{"rendered":"<div class=\"wpb-content-wrapper\"><p>[vc_row bg_type=&#8220;&#8220; dima_canvas_style=&#8220;&#8220; translate_x=&#8220;0&#8243; dima_z_index=&#8220;0&#8243; delay=&#8220;&#8220; delay_duration=&#8220;&#8220; delay_offset=&#8220;&#8220; full_width=&#8220;full_width&#8220; top_and_bottom_padding=&#8220;&#8220; left_and_right_padding=&#8220;&#8220; id=&#8220;&#8220; class=&#8220;&#8220; style=&#8220;&#8220; border_color=&#8220;&#8220;][vc_column min_height=&#8220;&#8220; bg_type=&#8220;&#8220; dima_canvas_style=&#8220;&#8220; translate_x=&#8220;0&#8243; dima_z_index=&#8220;0&#8243; delay=&#8220;&#8220; delay_duration=&#8220;&#8220; delay_offset=&#8220;&#8220; top_and_bottom_padding=&#8220;&#8220; left_and_right_padding=&#8220;&#8220; width=&#8220;1\/1&#8243;][vc_row_inner bg_type=&#8220;&#8220; dima_canvas_style=&#8220;&#8220; translate_x=&#8220;0&#8243; dima_z_index=&#8220;0&#8243; id=&#8220;&#8220; class=&#8220;&#8220; style=&#8220;&#8220; border_color=&#8220;&#8220;][vc_column_inner delay=&#8220;&#8220; delay_duration=&#8220;&#8220; delay_offset=&#8220;&#8220; translate_x=&#8220;0&#8243; dima_z_index=&#8220;0&#8243; width=&#8220;1\/1&#8243; id=&#8220;&#8220; class=&#8220;gtks-home-headline-div&#8220; style=&#8220;&#8220; border_color=&#8220;&#8220;]<div class=\"column-item overflow-hidden text-center\"><img decoding=\"async\" width=\"2560\" height=\"964\"  class=\" dima-img gtks-img\" src=\"https:\/\/www.greenetiks.it\/wp-content\/uploads\/2024\/04\/greenetiks-logo-1.jpg\"   alt=\"Logo Greenetiks\"><\/div><div class=\"gtks-home-headline-title-div\">Ihr Partner f\u00fcr Energiesparen und Sport<\/div>\n[\/vc_column_inner][\/vc_row_inner][vc_row_inner equal_height=&#8220;true&#8220; no_margin=&#8220;true&#8220; bg_type=&#8220;&#8220; dima_canvas_style=&#8220;&#8220; translate_x=&#8220;0&#8243; dima_z_index=&#8220;0&#8243; full_width=&#8220;full_width&#8220; top_and_bottom_padding=&#8220;0px&#8220; left_and_right_padding=&#8220;&#8220; id=&#8220;&#8220; class=&#8220;gtks-home-section-row&#8220; style=&#8220;&#8220; border_color=&#8220;&#8220;][vc_column_inner delay=&#8220;&#8220; delay_duration=&#8220;&#8220; delay_offset=&#8220;&#8220; translate_x=&#8220;0&#8243; dima_z_index=&#8220;0&#8243; width=&#8220;1\/5&#8243; id=&#8220;&#8220; class=&#8220;gtks-home-section&#8220; style=&#8220;&#8220; border_color=&#8220;&#8220;]<a href='https:\/\/www.greenetiks.it\/de\/led\/' ><div  class=\"dima-iconbox gtks-home-section-element no-box text-center features-box\" ><header  class=\"icon-box-header\" ><div class=\"image-cropper thumb  medium  \" ><img decoding=\"async\" class=\"background-image\" src=\"https:\/\/www.greenetiks.it\/wp-content\/uploads\/2024\/04\/lighting-icon.png\" width=\"300\" height=\"300\" alt=\"Gl\u00fchbirnen-Symbol\"><\/div><\/header><div  class=\"features-content\" ><h5 class=\"features-title no-title-hover\" style=\"color:#ffffff;\">Beleuchtung<\/h5><\/div><\/div><\/a>[\/vc_column_inner][vc_column_inner delay=&#8220;&#8220; delay_duration=&#8220;&#8220; delay_offset=&#8220;&#8220; translate_x=&#8220;0&#8243; dima_z_index=&#8220;0&#8243; width=&#8220;1\/5&#8243; id=&#8220;&#8220; class=&#8220;gtks-home-section&#8220; style=&#8220;&#8220; border_color=&#8220;&#8220;]<a href='https:\/\/www.greenetiks.it\/de\/pvc-strukturen\/' ><div  class=\"dima-iconbox gtks-home-section-element no-box text-center features-box\" ><header  class=\"icon-box-header\" ><div class=\"image-cropper thumb  medium  \" ><img decoding=\"async\" class=\"background-image\" src=\"https:\/\/www.greenetiks.it\/wp-content\/uploads\/2025\/01\/pvc-icon.png\" width=\"300\" height=\"300\" alt=\"PVC-Struktur-Symbol\"><\/div><\/header><div  class=\"features-content\" ><h5 class=\"features-title no-title-hover\" style=\"color:#ffffff;\">PVC-Strukturen<\/h5><\/div><\/div><\/a>[\/vc_column_inner][vc_column_inner delay=&#8220;&#8220; delay_duration=&#8220;&#8220; delay_offset=&#8220;&#8220; translate_x=&#8220;0&#8243; dima_z_index=&#8220;0&#8243; width=&#8220;1\/5&#8243; id=&#8220;&#8220; class=&#8220;gtks-home-section&#8220; style=&#8220;&#8220; border_color=&#8220;&#8220;]<a href='https:\/\/www.greenetiks.it\/de\/lueftung\/' ><div  class=\"dima-iconbox gtks-home-section-element no-box text-center features-box\" ><header  class=\"icon-box-header\" ><div class=\"image-cropper thumb  medium  \" ><img decoding=\"async\" class=\"background-image\" src=\"https:\/\/www.greenetiks.it\/wp-content\/uploads\/2024\/04\/ventilation-icon.png\" width=\"300\" height=\"300\" alt=\"Fan-Symbol\"><\/div><\/header><div  class=\"features-content\" ><h5 class=\"features-title no-title-hover\" style=\"color:#ffffff;\">Bel\u00fcftung<\/h5><\/div><\/div><\/a>[\/vc_column_inner][vc_column_inner delay=&#8220;&#8220; delay_duration=&#8220;&#8220; delay_offset=&#8220;&#8220; translate_x=&#8220;0&#8243; dima_z_index=&#8220;0&#8243; width=&#8220;1\/5&#8243; id=&#8220;&#8220; class=&#8220;gtks-home-section&#8220; style=&#8220;&#8220; border_color=&#8220;&#8220;]<a href='https:\/\/www.greenetiks.it\/de\/heizung\/' ><div  class=\"dima-iconbox gtks-home-section-element no-box text-center features-box\" ><header  class=\"icon-box-header\" ><div class=\"image-cropper thumb  medium  \" ><img decoding=\"async\" class=\"background-image\" src=\"https:\/\/www.greenetiks.it\/wp-content\/uploads\/2024\/04\/heating-icon.png\" width=\"300\" height=\"300\" alt=\"Feuer-Symbol\"><\/div><\/header><div  class=\"features-content\" ><h5 class=\"features-title no-title-hover\" style=\"color:#ffffff;\">Heizung<\/h5><\/div><\/div><\/a>[\/vc_column_inner][vc_column_inner delay=&#8220;&#8220; delay_duration=&#8220;&#8220; delay_offset=&#8220;&#8220; translate_x=&#8220;0&#8243; dima_z_index=&#8220;0&#8243; width=&#8220;1\/5&#8243; id=&#8220;&#8220; class=&#8220;gtks-home-section&#8220; style=&#8220;&#8220; border_color=&#8220;&#8220;]<a href='https:\/\/www.greenetiks.it\/de\/sandplatze\/' ><div  class=\"dima-iconbox gtks-home-section-element no-box text-center features-box\" ><header  class=\"icon-box-header\" ><div class=\"image-cropper thumb  medium  \" ><img decoding=\"async\" class=\"background-image\" src=\"https:\/\/www.greenetiks.it\/wp-content\/uploads\/2024\/04\/red-clay-icon.png\" width=\"300\" height=\"300\" alt=\"Tennisball-Symbol\"><\/div><\/header><div  class=\"features-content\" ><h5 class=\"features-title no-title-hover\" style=\"color:#ffffff;\">Sandpl\u00e4tze<\/h5><\/div><\/div><\/a>[\/vc_column_inner][\/vc_row_inner][\/vc_column][\/vc_row][vc_row no_margin=&#8220;true&#8220; equal_height=&#8220;true&#8220; bg_type=&#8220;&#8220; dima_canvas_style=&#8220;&#8220; translate_x=&#8220;0&#8243; dima_z_index=&#8220;0&#8243; delay=&#8220;&#8220; delay_duration=&#8220;&#8220; delay_offset=&#8220;&#8220; full_width=&#8220;full_width&#8220; top_and_bottom_padding=&#8220;&#8220; left_and_right_padding=&#8220;&#8220; id=&#8220;press&#8220; class=&#8220;gtks-widget-div gtks-row gtks-home-row-no-full-width&#8220; style=&#8220;&#8220; border_color=&#8220;&#8220;][vc_column min_height=&#8220;&#8220; bg_type=&#8220;&#8220; dima_canvas_style=&#8220;&#8220; translate_x=&#8220;0&#8243; dima_z_index=&#8220;0&#8243; delay=&#8220;&#8220; delay_duration=&#8220;&#8220; delay_offset=&#8220;&#8220; top_and_bottom_padding=&#8220;&#8220; left_and_right_padding=&#8220;&#8220; width=&#8220;1\/2&#8243; id=&#8220;&#8220; class=&#8220;gtks-widget-image-div gtks-widget-image-div-left&#8220; style=&#8220;&#8220; border_color=&#8220;&#8220;]<div class=\"column-item overflow-hidden text-center\"><img decoding=\"async\" width=\"720\" height=\"720\"  class=\" dima-img gtks-img\" src=\"https:\/\/www.greenetiks.it\/wp-content\/uploads\/2024\/04\/advantages-de.jpg\"   alt=\"Vorteile des PRESS-Systems: automatisch, bessere Erw\u00e4rmung, weniger L\u00e4rm, wirtschaftlich, energiesparend, weniger Nachdenken, weniger Verschlei\u00df.\"><\/div>[\/vc_column][vc_column min_height=&#8220;&#8220; content_position=&#8220;center&#8220; float=&#8220;center&#8220; bg_type=&#8220;&#8220; dima_canvas_style=&#8220;&#8220; translate_x=&#8220;0&#8243; dima_z_index=&#8220;0&#8243; delay=&#8220;&#8220; delay_duration=&#8220;&#8220; delay_offset=&#8220;&#8220; top_and_bottom_padding=&#8220;&#8220; left_and_right_padding=&#8220;&#8220; width=&#8220;1\/2&#8243; id=&#8220;&#8220; class=&#8220;gtks-widget-text-div gtks-widget-text-div-left gtks-about-us-general-text-div&#8220; style=&#8220;&#8220; border_color=&#8220;&#8220;]<h2  class=\"dima-custom-heading gtks-h2\" ><\/p>\n<div>\n<div>PRESS<\/div>\n<\/div>\n<p><\/h2><div class=\"gtks-p\">\n<div>\n<div>Sparen Sie bis zu 90% bei der Bel\u00fcftung Ihres Drucksystems mit dem inverterbasierten PRESS-System.<\/div>\n<\/div>\n<\/div>\n<a   data-direction=\"down\" class=\" button gtks-buttonfill dima-btn-small\"  href=\"https:\/\/www.greenetiks.it\/de\/lueftung\/press\"    >Mehr Details<\/a>[\/vc_column][\/vc_row][vc_row bg_type=&#8220;&#8220; dima_canvas_style=&#8220;&#8220; translate_x=&#8220;0&#8243; dima_z_index=&#8220;0&#8243; delay=&#8220;&#8220; delay_duration=&#8220;&#8220; delay_offset=&#8220;&#8220; id=&#8220;&#8220; class=&#8220;gtks-widget-separator&#8220; border_color=&#8220;&#8220;][vc_column min_height=&#8220;&#8220; bg_type=&#8220;&#8220; dima_canvas_style=&#8220;&#8220; translate_x=&#8220;0&#8243; dima_z_index=&#8220;0&#8243; delay=&#8220;&#8220; delay_duration=&#8220;&#8220; delay_offset=&#8220;&#8220; width=&#8220;1\/1&#8243;][vc_separator el_class=&#8220;gtks-widget-separator&#8220;][\/vc_column][\/vc_row][vc_row no_margin=&#8220;true&#8220; equal_height=&#8220;true&#8220; bg_type=&#8220;&#8220; dima_canvas_style=&#8220;&#8220; translate_x=&#8220;0&#8243; dima_z_index=&#8220;0&#8243; delay=&#8220;&#8220; delay_duration=&#8220;&#8220; delay_offset=&#8220;&#8220; full_width=&#8220;full_width&#8220; top_and_bottom_padding=&#8220;&#8220; left_and_right_padding=&#8220;&#8220; id=&#8220;dart2&#8243; class=&#8220;gtks-widget-div gtks-row-reverse gtks-home-row-no-full-width&#8220; style=&#8220;&#8220; border_color=&#8220;&#8220;][vc_column min_height=&#8220;&#8220; content_position=&#8220;center&#8220; float=&#8220;center&#8220; bg_type=&#8220;&#8220; dima_canvas_style=&#8220;&#8220; translate_x=&#8220;0&#8243; dima_z_index=&#8220;0&#8243; delay=&#8220;&#8220; delay_duration=&#8220;&#8220; delay_offset=&#8220;&#8220; top_and_bottom_padding=&#8220;&#8220; left_and_right_padding=&#8220;&#8220; width=&#8220;1\/2&#8243; id=&#8220;&#8220; class=&#8220;gtks-widget-text-div gtks-widget-text-div-left&#8220; style=&#8220;&#8220; bg_color=&#8220;#eff2f1&#8243; border_color=&#8220;&#8220;]<h2  class=\"dima-custom-heading gtks-h2\" >Elektrische Walze Dart2.0<\/h2><div class=\"gtks-p\">Der erste elektrische Tennisroller<\/div>\n<a   data-direction=\"down\" class=\" button gtks-buttonfill dima-btn-small\"  href=\"https:\/\/www.greenetiks.it\/de\/sandplatze\/dart2\"    >Mehr Details<\/a>[\/vc_column][vc_column min_height=&#8220;&#8220; bg_type=&#8220;&#8220; dima_canvas_style=&#8220;&#8220; translate_x=&#8220;0&#8243; dima_z_index=&#8220;0&#8243; delay=&#8220;&#8220; delay_duration=&#8220;&#8220; delay_offset=&#8220;&#8220; top_and_bottom_padding=&#8220;&#8220; left_and_right_padding=&#8220;&#8220; width=&#8220;1\/2&#8243; id=&#8220;&#8220; class=&#8220;gtks-widget-image-div gtks-widget-image-div-right&#8220; style=&#8220;&#8220; border_color=&#8220;&#8220;]<div class=\"column-item overflow-hidden text-center\"><img decoding=\"async\" width=\"1080\" height=\"1080\"  class=\" dima-img gtks-img\" src=\"https:\/\/www.greenetiks.it\/wp-content\/uploads\/2024\/04\/dart2-1.jpg\"   alt=\"Elektrische Walze Dart2.0\"><\/div>[\/vc_column][\/vc_row][vc_row bg_type=&#8220;&#8220; dima_canvas_style=&#8220;&#8220; translate_x=&#8220;0&#8243; dima_z_index=&#8220;0&#8243; delay=&#8220;&#8220; delay_duration=&#8220;&#8220; delay_offset=&#8220;&#8220; id=&#8220;&#8220; class=&#8220;gtks-widget-separator&#8220; border_color=&#8220;&#8220;][vc_column min_height=&#8220;&#8220; bg_type=&#8220;&#8220; dima_canvas_style=&#8220;&#8220; translate_x=&#8220;0&#8243; dima_z_index=&#8220;0&#8243; delay=&#8220;&#8220; delay_duration=&#8220;&#8220; delay_offset=&#8220;&#8220; width=&#8220;1\/1&#8243;][vc_separator el_class=&#8220;gtks-widget-separator&#8220;][\/vc_column][\/vc_row][vc_row no_margin=&#8220;true&#8220; equal_height=&#8220;true&#8220; bg_type=&#8220;&#8220; dima_canvas_style=&#8220;&#8220; translate_x=&#8220;0&#8243; dima_z_index=&#8220;0&#8243; delay=&#8220;&#8220; delay_duration=&#8220;&#8220; delay_offset=&#8220;&#8220; full_width=&#8220;full_width&#8220; top_and_bottom_padding=&#8220;&#8220; left_and_right_padding=&#8220;&#8220; id=&#8220;press&#8220; class=&#8220;gtks-widget-div gtks-row gtks-home-row-no-full-width&#8220; style=&#8220;&#8220; border_color=&#8220;&#8220;][vc_column min_height=&#8220;&#8220; bg_type=&#8220;&#8220; dima_canvas_style=&#8220;&#8220; translate_x=&#8220;0&#8243; dima_z_index=&#8220;0&#8243; delay=&#8220;&#8220; delay_duration=&#8220;&#8220; delay_offset=&#8220;&#8220; top_and_bottom_padding=&#8220;&#8220; left_and_right_padding=&#8220;&#8220; width=&#8220;1\/2&#8243; id=&#8220;&#8220; class=&#8220;gtks-widget-image-div gtks-widget-image-div-left&#8220; style=&#8220;&#8220; border_color=&#8220;&#8220;]<div class=\"column-item overflow-hidden text-center\"><img decoding=\"async\" width=\"1080\" height=\"1080\"  class=\" dima-img gtks-img\" src=\"https:\/\/www.greenetiks.it\/wp-content\/uploads\/2024\/04\/arcut2-1.jpg\"   alt=\"Arcut2.0 Fr\u00e4se\"><\/div>[\/vc_column][vc_column min_height=&#8220;&#8220; content_position=&#8220;center&#8220; float=&#8220;center&#8220; bg_type=&#8220;&#8220; dima_canvas_style=&#8220;&#8220; translate_x=&#8220;0&#8243; dima_z_index=&#8220;0&#8243; delay=&#8220;&#8220; delay_duration=&#8220;&#8220; delay_offset=&#8220;&#8220; top_and_bottom_padding=&#8220;&#8220; left_and_right_padding=&#8220;&#8220; width=&#8220;1\/2&#8243; id=&#8220;&#8220; class=&#8220;gtks-widget-text-div gtks-widget-text-div-left&#8220; style=&#8220;&#8220; border_color=&#8220;&#8220;]<h2  class=\"dima-custom-heading gtks-h2\" >Arcut2.0 Fr\u00e4se<\/h2><div class=\"gtks-p\">Der Fr\u00e4ser mit Widia-Spitzen f\u00fcr die h\u00e4rtesten Tennispl\u00e4tze<\/div>\n<a   data-direction=\"down\" class=\" button gtks-buttonfill dima-btn-small\"  href=\"https:\/\/www.greenetiks.it\/de\/sandplatze\/arcut2\"    >Mehr Details<\/a>[\/vc_column][\/vc_row][vc_row bg_type=&#8220;&#8220; dima_canvas_style=&#8220;&#8220; translate_x=&#8220;0&#8243; dima_z_index=&#8220;0&#8243; delay=&#8220;&#8220; delay_duration=&#8220;&#8220; delay_offset=&#8220;&#8220; id=&#8220;&#8220; class=&#8220;gtks-widget-separator&#8220; border_color=&#8220;&#8220;][vc_column min_height=&#8220;&#8220; bg_type=&#8220;&#8220; dima_canvas_style=&#8220;&#8220; translate_x=&#8220;0&#8243; dima_z_index=&#8220;0&#8243; delay=&#8220;&#8220; delay_duration=&#8220;&#8220; delay_offset=&#8220;&#8220; width=&#8220;1\/1&#8243;][vc_separator el_class=&#8220;gtks-widget-separator&#8220;][\/vc_column][\/vc_row][vc_row no_margin=&#8220;true&#8220; equal_height=&#8220;true&#8220; bg_type=&#8220;&#8220; dima_canvas_style=&#8220;&#8220; translate_x=&#8220;0&#8243; dima_z_index=&#8220;0&#8243; delay=&#8220;&#8220; delay_duration=&#8220;&#8220; delay_offset=&#8220;&#8220; full_width=&#8220;full_width&#8220; top_and_bottom_padding=&#8220;&#8220; left_and_right_padding=&#8220;&#8220; id=&#8220;dart2&#8243; class=&#8220;gtks-widget-div gtks-row-reverse gtks-home-row-no-full-width&#8220; style=&#8220;&#8220; border_color=&#8220;&#8220;][vc_column min_height=&#8220;&#8220; content_position=&#8220;center&#8220; float=&#8220;center&#8220; bg_type=&#8220;&#8220; dima_canvas_style=&#8220;&#8220; translate_x=&#8220;0&#8243; dima_z_index=&#8220;0&#8243; delay=&#8220;&#8220; delay_duration=&#8220;&#8220; delay_offset=&#8220;&#8220; top_and_bottom_padding=&#8220;&#8220; left_and_right_padding=&#8220;&#8220; width=&#8220;1\/2&#8243; id=&#8220;&#8220; class=&#8220;gtks-widget-text-div gtks-widget-text-div-left&#8220; style=&#8220;&#8220; bg_color=&#8220;#eff2f1&#8243; border_color=&#8220;&#8220;]<h2  class=\"dima-custom-heading gtks-h2\" >\u00dcber uns<\/h2><div>Gegr\u00fcndet im Jahr 2016, sammeln wir mehr als 15 Jahre Erfahrung und Aktivit\u00e4t in der Sportbranche. Das Unternehmen entstand aus der Idee, Energieeinsparung und Innovation in die Welt des Sports zu bringen, vom Tennis bis zu anderen Sportarten.<\/div>\n<div>Eines der Grundprinzipien dieses Unternehmens ist die Innovation: Unsere Forschungs- und Entwicklungsabteilung testet st\u00e4ndig neue Methoden, neue Materialien und neue Ausr\u00fcstungen, nicht nur, um in einer sich schnell ver\u00e4ndernden technologischen Welt auf dem neuesten Stand zu bleiben, sondern auch, um neue Produkte und neues Know-how im Dienste unserer Kunden zu entwickeln.<\/div>\n<div class=\"gtks-p\">Wir stehen Ihnen f\u00fcr ma\u00dfgeschneiderte Dienstleistungen, Systeme und Projekte nach Ihren Anforderungen oder f\u00fcr die Anpassung unserer Produkte oder Dienstleistungen an Ihre Bed\u00fcrfnisse zur Verf\u00fcgung.<\/div>\n<a   data-direction=\"down\" class=\" button gtks-buttonfill dima-btn-small\"  href=\"https:\/\/www.greenetiks.it\/chi-siamo\"    >Mehr Details<\/a>[\/vc_column][vc_column min_height=&#8220;&#8220; bg_type=&#8220;&#8220; dima_canvas_style=&#8220;&#8220; translate_x=&#8220;0&#8243; dima_z_index=&#8220;0&#8243; delay=&#8220;&#8220; delay_duration=&#8220;&#8220; delay_offset=&#8220;&#8220; top_and_bottom_padding=&#8220;&#8220; left_and_right_padding=&#8220;&#8220; width=&#8220;1\/2&#8243; id=&#8220;&#8220; class=&#8220;gtks-widget-image-div gtks-widget-image-div-right&#8220; style=&#8220;&#8220; border_color=&#8220;&#8220;]<div class=\"column-item overflow-hidden text-center\"><img decoding=\"async\" width=\"1080\" height=\"1080\"  class=\" dima-img gtks-img\" src=\"https:\/\/www.greenetiks.it\/wp-content\/uploads\/2024\/04\/greenetiks-logo-abbreviated.jpg\"   alt=\"Logo Greenetiks (abgek\u00fcrzt)\"><\/div>[\/vc_column][\/vc_row]<\/p>\n<\/div>","protected":false},"excerpt":{"rendered":"<p>[vc_row bg_type=&#8220;&#8220; dima_canvas_style=&#8220;&#8220; translate_x=&#8220;0&#8243; dima_z_index=&#8220;0&#8243; delay=&#8220;&#8220; delay_duration=&#8220;&#8220; delay_offset=&#8220;&#8220; full_width=&#8220;full_width&#8220; top_and_bottom_padding=&#8220;&#8220; left_and_right_padding=&#8220;&#8220; id=&#8220;&#8220; class=&#8220;&#8220; style=&#8220;&#8220; border_color=&#8220;&#8220;][vc_column min_height=&#8220;&#8220; bg_type=&#8220;&#8220; dima_canvas_style=&#8220;&#8220; translate_x=&#8220;0&#8243; dima_z_index=&#8220;0&#8243; delay=&#8220;&#8220; delay_duration=&#8220;&#8220; delay_offset=&#8220;&#8220; top_and_bottom_padding=&#8220;&#8220; left_and_right_padding=&#8220;&#8220; width=&#8220;1\/1&#8243;][vc_row_inner bg_type=&#8220;&#8220; dima_canvas_style=&#8220;&#8220; translate_x=&#8220;0&#8243; dima_z_index=&#8220;0&#8243; id=&#8220;&#8220; class=&#8220;&#8220; style=&#8220;&#8220; border_color=&#8220;&#8220;][vc_column_inner delay=&#8220;&#8220; delay_duration=&#8220;&#8220; delay_offset=&#8220;&#8220; translate_x=&#8220;0&#8243; dima_z_index=&#8220;0&#8243; width=&#8220;1\/1&#8243; id=&#8220;&#8220; class=&#8220;gtks-home-headline-div&#8220; style=&#8220;&#8220; border_color=&#8220;&#8220;][\/vc_column_inner][\/vc_row_inner][vc_row_inner equal_height=&#8220;true&#8220; no_margin=&#8220;true&#8220; bg_type=&#8220;&#8220; dima_canvas_style=&#8220;&#8220; translate_x=&#8220;0&#8243; dima_z_index=&#8220;0&#8243; full_width=&#8220;full_width&#8220; top_and_bottom_padding=&#8220;0px&#8220; left_and_right_padding=&#8220;&#8220; id=&#8220;&#8220; class=&#8220;gtks-home-section-row&#8220; [&hellip;]<\/p>\n","protected":false},"author":3,"featured_media":0,"parent":0,"menu_order":0,"comment_status":"closed","ping_status":"closed","template":"template-no-sidebar.php","meta":{"_acf_changed":false,"footnotes":""},"class_list":["post-859","page","type-page","status-publish","hentry"],"acf":[],"_links":{"self":[{"href":"https:\/\/www.greenetiks.it\/de\/wp-json\/wp\/v2\/pages\/859","targetHints":{"allow":["GET"]}}],"collection":[{"href":"https:\/\/www.greenetiks.it\/de\/wp-json\/wp\/v2\/pages"}],"about":[{"href":"https:\/\/www.greenetiks.it\/de\/wp-json\/wp\/v2\/types\/page"}],"author":[{"embeddable":true,"href":"https:\/\/www.greenetiks.it\/de\/wp-json\/wp\/v2\/users\/3"}],"replies":[{"embeddable":true,"href":"https:\/\/www.greenetiks.it\/de\/wp-json\/wp\/v2\/comments?post=859"}],"version-history":[{"count":0,"href":"https:\/\/www.greenetiks.it\/de\/wp-json\/wp\/v2\/pages\/859\/revisions"}],"wp:attachment":[{"href":"https:\/\/www.greenetiks.it\/de\/wp-json\/wp\/v2\/media?parent=859"}],"curies":[{"name":"wp","href":"https:\/\/api.w.org\/{rel}","templated":true}]}}